{"id":3266,"date":"2019-12-02T11:51:14","date_gmt":"2019-12-02T09:51:14","guid":{"rendered":"https:\/\/www.montreco.ee\/contact\/"},"modified":"2020-11-27T18:57:56","modified_gmt":"2020-11-27T16:57:56","slug":"contact","status":"publish","type":"page","link":"https:\/\/www.montreco.ee\/en\/contact\/","title":{"rendered":"Contact"},"content":{"rendered":"\n<style type=\"text\/css\" data-created_by=\"avia_inline_auto\" id=\"style-css-av-jxn3ng6z-1632cf9aa9c98342e20d915c4dfb1e87\">\n.avia-section.av-jxn3ng6z-1632cf9aa9c98342e20d915c4dfb1e87{\nbackground-color:#f2f2f2;\nbackground-image:unset;\n}\n<\/style>\n<div id='av_section_1'  class='avia-section av-jxn3ng6z-1632cf9aa9c98342e20d915c4dfb1e87 main_color avia-section-no-padding avia-no-border-styling  avia-builder-el-0  el_before_av_section  avia-builder-el-first  full-width avia-bg-style-scroll container_wrap fullsize'  ><div class='container av-section-cont-open' ><main  role=\"main\" itemprop=\"mainContentOfPage\"  class='template-page content  av-content-full alpha units'><div class='post-entry post-entry-type-page post-entry-3266'><div class='entry-content-wrapper clearfix'>\n<div class='flex_column_table av-jxn3qyuc-33f996b4dc8d4da69eb50eb08ed4ce6e sc-av_one_half av-equal-height-column-flextable'>\n<style type=\"text\/css\" data-created_by=\"avia_inline_auto\" id=\"style-css-av-jxn3qyuc-33f996b4dc8d4da69eb50eb08ed4ce6e\">\n.flex_column.av-jxn3qyuc-33f996b4dc8d4da69eb50eb08ed4ce6e{\nborder-radius:0px 0px 0px 0px;\npadding:0px 0px 0px 0px;\n}\n<\/style>\n<div  class='flex_column av-jxn3qyuc-33f996b4dc8d4da69eb50eb08ed4ce6e av_one_half  avia-builder-el-1  el_before_av_one_half  avia-builder-el-first  first flex_column_table_cell av-equal-height-column av-align-top av-zero-column-padding  '     ><p>\n<style type=\"text\/css\" data-created_by=\"avia_inline_auto\" id=\"style-css-av-k3oitg2g-b8ffe97de78f22019da39f8c249c8ce1\">\n#top .hr.hr-invisible.av-k3oitg2g-b8ffe97de78f22019da39f8c249c8ce1{\nheight:20px;\n}\n<\/style>\n<div  class='hr av-k3oitg2g-b8ffe97de78f22019da39f8c249c8ce1 hr-invisible  avia-builder-el-2  el_before_av_heading  avia-builder-el-first '><span class='hr-inner '><span class=\"hr-inner-style\"><\/span><\/span><\/div><br \/>\n\n<style type=\"text\/css\" data-created_by=\"avia_inline_auto\" id=\"style-css-av-a9jf1-a93a27a4363d84a975c8d3296fde8ac6\">\n#top .av-special-heading.av-a9jf1-a93a27a4363d84a975c8d3296fde8ac6{\npadding-bottom:10px;\n}\nbody .av-special-heading.av-a9jf1-a93a27a4363d84a975c8d3296fde8ac6 .av-special-heading-tag .heading-char{\nfont-size:25px;\n}\n.av-special-heading.av-a9jf1-a93a27a4363d84a975c8d3296fde8ac6 .av-subheading{\nfont-size:15px;\n}\n<\/style>\n<div  class='av-special-heading av-a9jf1-a93a27a4363d84a975c8d3296fde8ac6 av-special-heading-h1 custom-color-heading blockquote modern-quote  avia-builder-el-3  el_after_av_hr  el_before_av_hr  av-linked-heading'><h1 class='av-special-heading-tag '  itemprop=\"headline\"  >Contact<\/h1><div class=\"special-heading-border\"><div class=\"special-heading-inner-border\"><\/div><\/div><\/div><br \/>\n\n<style type=\"text\/css\" data-created_by=\"avia_inline_auto\" id=\"style-css-av-k3oipg36-394fff81bb5a278c624003065a5030e6\">\n.hr.av-k3oipg36-394fff81bb5a278c624003065a5030e6 .hr-inner{\nwidth:100%;\nborder-color:#166344;\n}\n<\/style>\n<div  class='hr av-k3oipg36-394fff81bb5a278c624003065a5030e6 hr-custom  avia-builder-el-4  el_after_av_heading  el_before_av_hr  hr-right hr-icon-no'><span class='hr-inner inner-border-av-border-fat'><span class=\"hr-inner-style\"><\/span><\/span><\/div><br \/>\n\n<style type=\"text\/css\" data-created_by=\"avia_inline_auto\" id=\"style-css-av-jxmy9418-d740ce5de3f603ae3e9792715159d1f6\">\n#top .hr.hr-invisible.av-jxmy9418-d740ce5de3f603ae3e9792715159d1f6{\nheight:30px;\n}\n<\/style>\n<div  class='hr av-jxmy9418-d740ce5de3f603ae3e9792715159d1f6 hr-invisible  avia-builder-el-5  el_after_av_hr  el_before_av_textblock  phone-whitespace'><span class='hr-inner '><span class=\"hr-inner-style\"><\/span><\/span><\/div><br \/>\n<section  class='av_textblock_section av-jxn3ossy-746e04a4269eeb4828db6952e793ecb9 '   itemscope=\"itemscope\" itemtype=\"https:\/\/schema.org\/CreativeWork\" ><div class='avia_textblock'  itemprop=\"text\" ><p><strong>Montreco O\u00dc<\/strong><\/p>\n<div class=\"contact-block-wrapper\">\n<div class=\"contact-block left\">\n<p><a href=\"https:\/\/goo.gl\/maps\/SvzzruWvXTCsNpns6\">Sepise 5, Tallinn<\/a><\/p>\n<p>Tel:<a href=\"tel:37256287750\">\u00a0(+372) 5628 7750<\/a><\/p>\n<p>E-mail: <a href=\"&#x6d;&#x61;&#x69;&#x6c;&#x74;&#x6f;&#x3a;&#x69;&#x6e;&#x66;&#x6f;&#x40;&#x6d;&#x6f;&#x6e;&#x74;&#x72;&#x65;&#x63;&#x6f;&#x2e;&#x65;&#x65;\">&#105;&#x6e;f&#111;&#x40;m&#x6f;&#x6e;&#116;&#x72;e&#99;&#x6f;&#46;&#101;&#x65;<\/a><\/p>\n<\/div>\n<div class=\"contact-block right\">\n<p>Reg. No. 12204558<\/p>\n<p>VAT: EE101566744<\/p>\n<\/div>\n<\/div>\n<\/div><\/section><br \/>\n\n<style type=\"text\/css\" data-created_by=\"avia_inline_auto\" id=\"style-css-av-k3oitg2g-b8ffe97de78f22019da39f8c249c8ce1\">\n#top .hr.hr-invisible.av-k3oitg2g-b8ffe97de78f22019da39f8c249c8ce1{\nheight:20px;\n}\n<\/style>\n<div  class='hr av-k3oitg2g-b8ffe97de78f22019da39f8c249c8ce1 hr-invisible  avia-builder-el-7  el_after_av_textblock  avia-builder-el-last '><span class='hr-inner '><span class=\"hr-inner-style\"><\/span><\/span><\/div><\/p><\/div><div class='av-flex-placeholder'><\/div>\n<style type=\"text\/css\" data-created_by=\"avia_inline_auto\" id=\"style-css-av-3t3vz-79a284c7b5da0490e7b66ae2aac3ad53\">\n.flex_column.av-3t3vz-79a284c7b5da0490e7b66ae2aac3ad53{\nborder-radius:0px 0px 0px 0px;\npadding:0px 0px 0px 0px;\n}\n<\/style>\n<div  class='flex_column av-3t3vz-79a284c7b5da0490e7b66ae2aac3ad53 av_one_half  avia-builder-el-8  el_after_av_one_half  avia-builder-el-last  flex_column_table_cell av-equal-height-column av-align-top av-zero-column-padding  '     ><\/div><\/div><!--close column table wrapper. Autoclose: 1 --><\/div><\/div><\/main><!-- close content main element --><\/div><\/div><div id='av_section_2'  class='avia-section av-k53lvq6g-db64f457f83449e147e1fa077192d037 main_color avia-section-no-padding avia-no-border-styling  avia-builder-el-9  el_after_av_section  el_before_av_section  map avia-bg-style-scroll container_wrap fullsize'  ><div class='container av-section-cont-open' ><div class='template-page content  av-content-full alpha units'><div class='post-entry post-entry-type-page post-entry-3266'><div class='entry-content-wrapper clearfix'>\n\n<\/p>\n<\/div><\/div><\/div><!-- close content main div --><\/div><\/div>\n<style type=\"text\/css\" data-created_by=\"avia_inline_auto\" id=\"style-css-av-jxn3ng6z-01c58246eff16db296e567bc45461116\">\n.avia-section.av-jxn3ng6z-01c58246eff16db296e567bc45461116{\nbackground-color:#f2f2f2;\nbackground-image:unset;\n}\n<\/style>\n<div id='av_section_3'  class='avia-section av-jxn3ng6z-01c58246eff16db296e567bc45461116 main_color avia-section-default avia-no-border-styling  avia-builder-el-11  el_after_av_section  avia-builder-el-last  full-width no-col-bg contactPage-form avia-bg-style-scroll container_wrap fullsize'  ><div class='container av-section-cont-open' ><div class='template-page content  av-content-full alpha units'><div class='post-entry post-entry-type-page post-entry-3266'><div class='entry-content-wrapper clearfix'>\n<div class='flex_column_table av-jxn3qyuc-99022db5351c0d93aab3f2ae62eb23df sc-av_one_half av-equal-height-column-flextable'>\n<style type=\"text\/css\" data-created_by=\"avia_inline_auto\" id=\"style-css-av-jxn3qyuc-99022db5351c0d93aab3f2ae62eb23df\">\n.flex_column.av-jxn3qyuc-99022db5351c0d93aab3f2ae62eb23df{\nborder-radius:0px 0px 0px 0px;\npadding:0px 0px 0px 0px;\n}\n<\/style>\n<div  class='flex_column av-jxn3qyuc-99022db5351c0d93aab3f2ae62eb23df av_one_half  avia-builder-el-12  el_before_av_one_half  avia-builder-el-first  columnPadding-left first flex_column_table_cell av-equal-height-column av-align-top av-zero-column-padding  '     ><p>\n<style type=\"text\/css\" data-created_by=\"avia_inline_auto\" id=\"style-css-av-jxmy9418-d740ce5de3f603ae3e9792715159d1f6\">\n#top .hr.hr-invisible.av-jxmy9418-d740ce5de3f603ae3e9792715159d1f6{\nheight:30px;\n}\n<\/style>\n<div  class='hr av-jxmy9418-d740ce5de3f603ae3e9792715159d1f6 hr-invisible  avia-builder-el-13  el_before_av_contact  avia-builder-el-first  phone-whitespace'><span class='hr-inner '><span class=\"hr-inner-style\"><\/span><\/span><\/div><br \/>\n<form action=\"https:\/\/www.montreco.ee\/en\/contact\/\" method=\"post\" data-fields-with-error=\"Found errors in the following field(s):\" class=\"avia_ajax_form av-form-labels-hidden   avia-builder-el-14  el_after_av_hr  avia-builder-el-last  montreco-cf  \" data-avia-form-id=\"1\" data-avia-redirect='' ><h3 class=''>Get in touch with us!<\/h3><fieldset><p class='  first_form  form_element form_element_half' id='element_avia_1_1'><label for=\"avia_1_1\">Name <abbr class=\"required\" title=\"required\">*<\/abbr><\/label> <input name=\"avia_1_1\" class=\"text_input is_empty\" type=\"text\" id=\"avia_1_1\" value=\"\"  placeholder='Name*'\/><\/p><p class='  form_element form_element_half' id='element_avia_2_1'><label for=\"avia_2_1\">E-mail <abbr class=\"required\" title=\"required\">*<\/abbr><\/label> <input name=\"avia_2_1\" class=\"text_input is_email\" type=\"text\" id=\"avia_2_1\" value=\"\"  placeholder='E-mail*'\/><\/p><p class='  first_form  form_element form_element_half' id='element_avia_3_1'><label for=\"avia_3_1\">Company Name <abbr class=\"required\" title=\"required\">*<\/abbr><\/label> <input name=\"avia_3_1\" class=\"text_input is_empty\" type=\"text\" id=\"avia_3_1\" value=\"\"  placeholder='Company Name*'\/><\/p><p class='  form_element form_element_half' id='element_avia_4_1'><label for=\"avia_4_1\">Telephone <abbr class=\"required\" title=\"required\">*<\/abbr><\/label> <input name=\"avia_4_1\" class=\"text_input is_empty\" type=\"text\" id=\"avia_4_1\" value=\"\"  placeholder='Telephone*'\/><\/p><p class='  first_form  form_element form_fullwidth' id='element_avia_5_1'><label for=\"avia_5_1\" class=\"textare_label hidden textare_label_avia_5_1\">Message<\/label><textarea  placeholder='Message' name=\"avia_5_1\" class=\"text_area \" cols=\"40\" rows=\"7\" id=\"avia_5_1\" ><\/textarea><\/p><p class=\"hidden\"><input type=\"text\" name=\"avia_6_1\" class=\"hidden \" id=\"avia_6_1\" value=\"\" \/><\/p><div id='avia_7_1' class='av-recaptcha-area  first_form  form_element form_fullwidth '  data-container_class=\"\" data-custom_class=\"\" data-context=\"av_contact_form\" data-token_input=\"av_recaptcha_token\" data-version=\"avia_recaptcha_v3\" data-theme=\"light\" data-size=\"normal\" data-score=\"0.5\" data-text_to_preview=\"\" data-value=\"\"><div class=\"av-google-badge-message hidden\">This site is protected by reCAPTCHA and the Google <a href=\"https:\/\/policies.google.com\/privacy\" target=\"_blank\" rel=\"noopener noreferrer\">Privacy Policy<\/a> and <a href=\"https:\/\/policies.google.com\/terms\" target=\"_blank\" rel=\"noopener noreferrer\">Terms of Service<\/a> apply.<\/div><\/div><p class=\"form_element \"><input type=\"hidden\" value=\"1\" name=\"avia_generated_form1\" \/><input type=\"submit\" value=\"SEND\" class=\"button\"  data-sending-label=\"Sending\"\/><\/p><\/fieldset><div class=\"avia-disabled-form\">This contact form is deactivated because you refused to accept Google reCaptcha service which is necessary to validate any messages sent by the form.<\/div><\/form><div id=\"ajaxresponse_1\" class=\"ajaxresponse ajaxresponse_1 hidden\"><\/div><\/p><\/div><div class='av-flex-placeholder'><\/div>\n<style type=\"text\/css\" data-created_by=\"avia_inline_auto\" id=\"style-css-av-3t3vz-79a284c7b5da0490e7b66ae2aac3ad53\">\n.flex_column.av-3t3vz-79a284c7b5da0490e7b66ae2aac3ad53{\nborder-radius:0px 0px 0px 0px;\npadding:0px 0px 0px 0px;\n}\n<\/style>\n<div  class='flex_column av-3t3vz-79a284c7b5da0490e7b66ae2aac3ad53 av_one_half  avia-builder-el-15  el_after_av_one_half  avia-builder-el-last  flex_column_table_cell av-equal-height-column av-align-top av-zero-column-padding  '     ><p>\n<style type=\"text\/css\" data-created_by=\"avia_inline_auto\" id=\"style-css-av-jxmy9418-d740ce5de3f603ae3e9792715159d1f6\">\n#top .hr.hr-invisible.av-jxmy9418-d740ce5de3f603ae3e9792715159d1f6{\nheight:30px;\n}\n<\/style>\n<div  class='hr av-jxmy9418-d740ce5de3f603ae3e9792715159d1f6 hr-invisible  avia-builder-el-16  el_before_av_textblock  avia-builder-el-first  phone-whitespace'><span class='hr-inner '><span class=\"hr-inner-style\"><\/span><\/span><\/div><br \/>\n<section  class='av_textblock_section av-k3oifb2r-a4cf560077466c1007f8b443b2e90222 '   itemscope=\"itemscope\" itemtype=\"https:\/\/schema.org\/CreativeWork\" ><div class='avia_textblock'  itemprop=\"text\" ><p style=\"text-align: center;\"><strong>We have the following certificates:<\/strong><\/p>\n<\/div><\/section><br \/>\n<div id='av-masonry-1' class='av-masonry av-k3oixnr4-ef3740d341e148a87bb87869a81f2ce1 noHover av-flex-size av-large-gap av-hover-overlay- av-masonry-animation- av-masonry-col-3 av-caption-always av-caption-style- av-masonry-gallery gallery-noBG' data-post_id=\"3266\"><div class=\"av-masonry-container isotope av-js-disabled\"><div class='av-masonry-entry isotope-item av-masonry-item-no-image '><\/div><div id='av-masonry-1-item-3326' data-av-masonry-item='3326' class='av-masonry-entry isotope-item post-3326 attachment type-attachment status-inherit hentry  av-masonry-item-with-image'    itemprop=\"thumbnailUrl\" ><div class='av-inner-masonry-sizer'><\/div><figure class='av-inner-masonry main_color'><div class=\"av-masonry-outerimage-container\"><div class='av-masonry-image-container'  ><img decoding=\"async\" width=\"180\" height=\"182\" fetchpriority=\"high\" class=\"wp-image-3326 avia-img-lazy-loading-not-3326\"  src=\"https:\/\/www.montreco.ee\/wp-content\/uploads\/2020\/01\/19085_BM-TRADA_C-Mark_SystemCert_ISO-45001_MONO-1.png\" title=\"ISO-45001\" alt=\"\" srcset=\"https:\/\/www.montreco.ee\/wp-content\/uploads\/2020\/01\/19085_BM-TRADA_C-Mark_SystemCert_ISO-45001_MONO-1.png 180w, https:\/\/www.montreco.ee\/wp-content\/uploads\/2020\/01\/19085_BM-TRADA_C-Mark_SystemCert_ISO-45001_MONO-1-80x80.png 80w, https:\/\/www.montreco.ee\/wp-content\/uploads\/2020\/01\/19085_BM-TRADA_C-Mark_SystemCert_ISO-45001_MONO-1-36x36.png 36w, https:\/\/www.montreco.ee\/wp-content\/uploads\/2020\/01\/19085_BM-TRADA_C-Mark_SystemCert_ISO-45001_MONO-1-20x20.png 20w\" sizes=\"(max-width: 180px) 100vw, 180px\" \/><\/div><\/div><\/figure><\/div><!--end av-masonry entry--><div id='av-masonry-1-item-3329' data-av-masonry-item='3329' class='av-masonry-entry isotope-item post-3329 attachment type-attachment status-inherit hentry  av-masonry-item-with-image'    itemprop=\"thumbnailUrl\" ><div class='av-inner-masonry-sizer'><\/div><figure class='av-inner-masonry main_color'><div class=\"av-masonry-outerimage-container\"><div class='av-masonry-image-container'  ><img decoding=\"async\" width=\"180\" height=\"182\" fetchpriority=\"high\" class=\"wp-image-3329 avia-img-lazy-loading-not-3329\"  src=\"https:\/\/www.montreco.ee\/wp-content\/uploads\/2020\/01\/19085_BM-TRADA_C-Mark_SystemCert_ISO-9001_MONO-1.png\" title=\"SO-9001\" alt=\"\" srcset=\"https:\/\/www.montreco.ee\/wp-content\/uploads\/2020\/01\/19085_BM-TRADA_C-Mark_SystemCert_ISO-9001_MONO-1.png 180w, https:\/\/www.montreco.ee\/wp-content\/uploads\/2020\/01\/19085_BM-TRADA_C-Mark_SystemCert_ISO-9001_MONO-1-80x80.png 80w, https:\/\/www.montreco.ee\/wp-content\/uploads\/2020\/01\/19085_BM-TRADA_C-Mark_SystemCert_ISO-9001_MONO-1-36x36.png 36w, https:\/\/www.montreco.ee\/wp-content\/uploads\/2020\/01\/19085_BM-TRADA_C-Mark_SystemCert_ISO-9001_MONO-1-20x20.png 20w\" sizes=\"(max-width: 180px) 100vw, 180px\" \/><\/div><\/div><\/figure><\/div><!--end av-masonry entry--><div id='av-masonry-1-item-3332' data-av-masonry-item='3332' class='av-masonry-entry isotope-item post-3332 attachment type-attachment status-inherit hentry  av-masonry-item-with-image'    itemprop=\"thumbnailUrl\" ><div class='av-inner-masonry-sizer'><\/div><figure class='av-inner-masonry main_color'><div class=\"av-masonry-outerimage-container\"><div class='av-masonry-image-container'  ><img decoding=\"async\" width=\"180\" height=\"182\" fetchpriority=\"high\" class=\"wp-image-3332 avia-img-lazy-loading-not-3332\"  src=\"https:\/\/www.montreco.ee\/wp-content\/uploads\/2020\/01\/19085_BM-TRADA_C-Mark_SystemCert_ISO-14001_MONO-1.png\" title=\"ISO-14001\" alt=\"\" srcset=\"https:\/\/www.montreco.ee\/wp-content\/uploads\/2020\/01\/19085_BM-TRADA_C-Mark_SystemCert_ISO-14001_MONO-1.png 180w, https:\/\/www.montreco.ee\/wp-content\/uploads\/2020\/01\/19085_BM-TRADA_C-Mark_SystemCert_ISO-14001_MONO-1-80x80.png 80w, https:\/\/www.montreco.ee\/wp-content\/uploads\/2020\/01\/19085_BM-TRADA_C-Mark_SystemCert_ISO-14001_MONO-1-36x36.png 36w, https:\/\/www.montreco.ee\/wp-content\/uploads\/2020\/01\/19085_BM-TRADA_C-Mark_SystemCert_ISO-14001_MONO-1-20x20.png 20w\" sizes=\"(max-width: 180px) 100vw, 180px\" \/><\/div><\/div><\/figure><\/div><!--end av-masonry entry--><\/div><\/div><\/p><\/div><\/div><!--close column table wrapper. Autoclose: 1 -->\n\n","protected":false},"excerpt":{"rendered":"","protected":false},"author":5,"featured_media":0,"parent":0,"menu_order":25,"comment_status":"closed","ping_status":"closed","template":"","meta":{"_acf_changed":false,"footnotes":""},"class_list":["post-3266","page","type-page","status-publish","hentry"],"acf":[],"yoast_head":"<!-- This site is optimized with the Yoast SEO plugin v27.4 - https:\/\/yoast.com\/product\/yoast-seo-wordpress\/ -->\n<title>Contact | Mantreco O\u00dc | Montreco.ee<\/title>\n<meta name=\"description\" content=\"Contact us Montreco O\u00dc Sepise 5, Tallinn Commercial registry code: 12204558 VAT: EE101566744 \u260e (+372) 5628 7750 \u2709 info@montreco.ee\" \/>\n<meta name=\"robots\" content=\"index, follow, max-snippet:-1, max-image-preview:large, max-video-preview:-1\" \/>\n<link rel=\"canonical\" href=\"https:\/\/www.montreco.ee\/en\/contact\/\" \/>\n<meta property=\"og:locale\" content=\"en_US\" \/>\n<meta property=\"og:type\" content=\"article\" \/>\n<meta property=\"og:title\" content=\"Contact | Mantreco O\u00dc | Montreco.ee\" \/>\n<meta property=\"og:description\" content=\"Contact us Montreco O\u00dc Sepise 5, Tallinn Commercial registry code: 12204558 VAT: EE101566744 \u260e (+372) 5628 7750 \u2709 info@montreco.ee\" \/>\n<meta property=\"og:url\" content=\"https:\/\/www.montreco.ee\/en\/contact\/\" \/>\n<meta property=\"og:site_name\" content=\"Mantreco O\u00dc\" \/>\n<meta property=\"article:modified_time\" content=\"2020-11-27T16:57:56+00:00\" \/>\n<meta name=\"twitter:card\" content=\"summary_large_image\" \/>\n<meta name=\"twitter:label1\" content=\"Est. reading time\" \/>\n\t<meta name=\"twitter:data1\" content=\"8 minutes\" \/>\n<script type=\"application\/ld+json\" class=\"yoast-schema-graph\">{\"@context\":\"https:\\\/\\\/schema.org\",\"@graph\":[{\"@type\":\"WebPage\",\"@id\":\"https:\\\/\\\/www.montreco.ee\\\/en\\\/contact\\\/\",\"url\":\"https:\\\/\\\/www.montreco.ee\\\/en\\\/contact\\\/\",\"name\":\"Contact | Mantreco O\u00dc | Montreco.ee\",\"isPartOf\":{\"@id\":\"https:\\\/\\\/www.montreco.ee\\\/en\\\/#website\"},\"datePublished\":\"2019-12-02T09:51:14+00:00\",\"dateModified\":\"2020-11-27T16:57:56+00:00\",\"description\":\"Contact us Montreco O\u00dc Sepise 5, Tallinn Commercial registry code: 12204558 VAT: EE101566744 \u260e (+372) 5628 7750 \u2709 info@montreco.ee\",\"breadcrumb\":{\"@id\":\"https:\\\/\\\/www.montreco.ee\\\/en\\\/contact\\\/#breadcrumb\"},\"inLanguage\":\"en-US\",\"potentialAction\":[{\"@type\":\"ReadAction\",\"target\":[\"https:\\\/\\\/www.montreco.ee\\\/en\\\/contact\\\/\"]}]},{\"@type\":\"BreadcrumbList\",\"@id\":\"https:\\\/\\\/www.montreco.ee\\\/en\\\/contact\\\/#breadcrumb\",\"itemListElement\":[{\"@type\":\"ListItem\",\"position\":1,\"name\":\"Home\",\"item\":\"https:\\\/\\\/www.montreco.ee\\\/en\\\/\"},{\"@type\":\"ListItem\",\"position\":2,\"name\":\"Contact\"}]},{\"@type\":\"WebSite\",\"@id\":\"https:\\\/\\\/www.montreco.ee\\\/en\\\/#website\",\"url\":\"https:\\\/\\\/www.montreco.ee\\\/en\\\/\",\"name\":\"Mantreco O\u00dc\",\"description\":\"Peat\u00f6\u00f6v\u00f5tt ja projektijuhtimine\",\"publisher\":{\"@id\":\"https:\\\/\\\/www.montreco.ee\\\/en\\\/#organization\"},\"potentialAction\":[{\"@type\":\"SearchAction\",\"target\":{\"@type\":\"EntryPoint\",\"urlTemplate\":\"https:\\\/\\\/www.montreco.ee\\\/en\\\/?s={search_term_string}\"},\"query-input\":{\"@type\":\"PropertyValueSpecification\",\"valueRequired\":true,\"valueName\":\"search_term_string\"}}],\"inLanguage\":\"en-US\"},{\"@type\":\"Organization\",\"@id\":\"https:\\\/\\\/www.montreco.ee\\\/en\\\/#organization\",\"name\":\"Montreco O\u00dc\",\"url\":\"https:\\\/\\\/www.montreco.ee\\\/en\\\/\",\"logo\":{\"@type\":\"ImageObject\",\"inLanguage\":\"en-US\",\"@id\":\"https:\\\/\\\/www.montreco.ee\\\/en\\\/#\\\/schema\\\/logo\\\/image\\\/\",\"url\":\"https:\\\/\\\/www.montreco.ee\\\/wp-content\\\/uploads\\\/2020\\\/01\\\/Montreco_logo.svg\",\"contentUrl\":\"https:\\\/\\\/www.montreco.ee\\\/wp-content\\\/uploads\\\/2020\\\/01\\\/Montreco_logo.svg\",\"width\":3180,\"height\":890,\"caption\":\"Montreco O\u00dc\"},\"image\":{\"@id\":\"https:\\\/\\\/www.montreco.ee\\\/en\\\/#\\\/schema\\\/logo\\\/image\\\/\"}}]}<\/script>\n<!-- \/ Yoast SEO plugin. -->","yoast_head_json":{"title":"Contact | Mantreco O\u00dc | Montreco.ee","description":"Contact us Montreco O\u00dc Sepise 5, Tallinn Commercial registry code: 12204558 VAT: EE101566744 \u260e (+372) 5628 7750 \u2709 info@montreco.ee","robots":{"index":"index","follow":"follow","max-snippet":"max-snippet:-1","max-image-preview":"max-image-preview:large","max-video-preview":"max-video-preview:-1"},"canonical":"https:\/\/www.montreco.ee\/en\/contact\/","og_locale":"en_US","og_type":"article","og_title":"Contact | Mantreco O\u00dc | Montreco.ee","og_description":"Contact us Montreco O\u00dc Sepise 5, Tallinn Commercial registry code: 12204558 VAT: EE101566744 \u260e (+372) 5628 7750 \u2709 info@montreco.ee","og_url":"https:\/\/www.montreco.ee\/en\/contact\/","og_site_name":"Mantreco O\u00dc","article_modified_time":"2020-11-27T16:57:56+00:00","twitter_card":"summary_large_image","twitter_misc":{"Est. reading time":"8 minutes"},"schema":{"@context":"https:\/\/schema.org","@graph":[{"@type":"WebPage","@id":"https:\/\/www.montreco.ee\/en\/contact\/","url":"https:\/\/www.montreco.ee\/en\/contact\/","name":"Contact | Mantreco O\u00dc | Montreco.ee","isPartOf":{"@id":"https:\/\/www.montreco.ee\/en\/#website"},"datePublished":"2019-12-02T09:51:14+00:00","dateModified":"2020-11-27T16:57:56+00:00","description":"Contact us Montreco O\u00dc Sepise 5, Tallinn Commercial registry code: 12204558 VAT: EE101566744 \u260e (+372) 5628 7750 \u2709 info@montreco.ee","breadcrumb":{"@id":"https:\/\/www.montreco.ee\/en\/contact\/#breadcrumb"},"inLanguage":"en-US","potentialAction":[{"@type":"ReadAction","target":["https:\/\/www.montreco.ee\/en\/contact\/"]}]},{"@type":"BreadcrumbList","@id":"https:\/\/www.montreco.ee\/en\/contact\/#breadcrumb","itemListElement":[{"@type":"ListItem","position":1,"name":"Home","item":"https:\/\/www.montreco.ee\/en\/"},{"@type":"ListItem","position":2,"name":"Contact"}]},{"@type":"WebSite","@id":"https:\/\/www.montreco.ee\/en\/#website","url":"https:\/\/www.montreco.ee\/en\/","name":"Mantreco O\u00dc","description":"Peat\u00f6\u00f6v\u00f5tt ja projektijuhtimine","publisher":{"@id":"https:\/\/www.montreco.ee\/en\/#organization"},"potentialAction":[{"@type":"SearchAction","target":{"@type":"EntryPoint","urlTemplate":"https:\/\/www.montreco.ee\/en\/?s={search_term_string}"},"query-input":{"@type":"PropertyValueSpecification","valueRequired":true,"valueName":"search_term_string"}}],"inLanguage":"en-US"},{"@type":"Organization","@id":"https:\/\/www.montreco.ee\/en\/#organization","name":"Montreco O\u00dc","url":"https:\/\/www.montreco.ee\/en\/","logo":{"@type":"ImageObject","inLanguage":"en-US","@id":"https:\/\/www.montreco.ee\/en\/#\/schema\/logo\/image\/","url":"https:\/\/www.montreco.ee\/wp-content\/uploads\/2020\/01\/Montreco_logo.svg","contentUrl":"https:\/\/www.montreco.ee\/wp-content\/uploads\/2020\/01\/Montreco_logo.svg","width":3180,"height":890,"caption":"Montreco O\u00dc"},"image":{"@id":"https:\/\/www.montreco.ee\/en\/#\/schema\/logo\/image\/"}}]}},"_links":{"self":[{"href":"https:\/\/www.montreco.ee\/en\/wp-json\/wp\/v2\/pages\/3266","targetHints":{"allow":["GET"]}}],"collection":[{"href":"https:\/\/www.montreco.ee\/en\/wp-json\/wp\/v2\/pages"}],"about":[{"href":"https:\/\/www.montreco.ee\/en\/wp-json\/wp\/v2\/types\/page"}],"author":[{"embeddable":true,"href":"https:\/\/www.montreco.ee\/en\/wp-json\/wp\/v2\/users\/5"}],"replies":[{"embeddable":true,"href":"https:\/\/www.montreco.ee\/en\/wp-json\/wp\/v2\/comments?post=3266"}],"version-history":[{"count":28,"href":"https:\/\/www.montreco.ee\/en\/wp-json\/wp\/v2\/pages\/3266\/revisions"}],"predecessor-version":[{"id":4428,"href":"https:\/\/www.montreco.ee\/en\/wp-json\/wp\/v2\/pages\/3266\/revisions\/4428"}],"wp:attachment":[{"href":"https:\/\/www.montreco.ee\/en\/wp-json\/wp\/v2\/media?parent=3266"}],"curies":[{"name":"wp","href":"https:\/\/api.w.org\/{rel}","templated":true}]}}