{"id":3301,"date":"2019-10-10T11:16:48","date_gmt":"2019-10-10T08:16:48","guid":{"rendered":"https:\/\/www.montreco.ee\/services\/"},"modified":"2020-12-14T16:06:48","modified_gmt":"2020-12-14T14:06:48","slug":"services","status":"publish","type":"page","link":"https:\/\/www.montreco.ee\/en\/services\/","title":{"rendered":"Services"},"content":{"rendered":"\n<style type=\"text\/css\" data-created_by=\"avia_inline_auto\" id=\"style-css-av-jxmy3rv7-fb61b50094ce8a37c1a00b6063663918\">\n.avia-section.av-jxmy3rv7-fb61b50094ce8a37c1a00b6063663918{\nbackground-color:#f2f2f2;\nbackground-image:unset;\n}\n<\/style>\n<div id='av_section_1'  class='avia-section av-jxmy3rv7-fb61b50094ce8a37c1a00b6063663918 main_color avia-section-default avia-no-border-styling  avia-builder-el-0  el_before_av_section  avia-builder-el-first  full-width p-top--huge avia-bg-style-scroll container_wrap fullsize'  ><div class='container av-section-cont-open' ><main  role=\"main\" itemprop=\"mainContentOfPage\"  class='template-page content  av-content-full alpha units'><div class='post-entry post-entry-type-page post-entry-3301'><div class='entry-content-wrapper clearfix'>\n\n<style type=\"text\/css\" data-created_by=\"avia_inline_auto\" id=\"style-css-av-2wa93-3edc8d84df45d872b2f41dd740b0ae92\">\n.flex_column.av-2wa93-3edc8d84df45d872b2f41dd740b0ae92{\nborder-radius:0px 0px 0px 0px;\npadding:0px 0px 0px 0;\n}\n<\/style>\n<div  class='flex_column av-2wa93-3edc8d84df45d872b2f41dd740b0ae92 av_one_half  avia-builder-el-1  el_before_av_one_half  avia-builder-el-first  first av-break-at-tablet flex_column_div  '     ><p>\n<style type=\"text\/css\" data-created_by=\"avia_inline_auto\" id=\"style-css-av-k60r0o5j-6fc66510da8edb12aee32fb31e8c8e72\">\n#top .av-special-heading.av-k60r0o5j-6fc66510da8edb12aee32fb31e8c8e72{\npadding-bottom:10px;\n}\nbody .av-special-heading.av-k60r0o5j-6fc66510da8edb12aee32fb31e8c8e72 .av-special-heading-tag .heading-char{\nfont-size:25px;\n}\n.av-special-heading.av-k60r0o5j-6fc66510da8edb12aee32fb31e8c8e72 .av-subheading{\nfont-size:15px;\n}\n<\/style>\n<div  class='av-special-heading av-k60r0o5j-6fc66510da8edb12aee32fb31e8c8e72 av-special-heading-h1 blockquote modern-quote  avia-builder-el-2  el_before_av_hr  avia-builder-el-first '><h1 class='av-special-heading-tag '  itemprop=\"headline\"  >Services<\/h1><div class=\"special-heading-border\"><div class=\"special-heading-inner-border\"><\/div><\/div><\/div><br \/>\n\n<style type=\"text\/css\" data-created_by=\"avia_inline_auto\" id=\"style-css-av-jxmy9418-28ea9e84abd2dee2eeae56195c999302\">\n#top .hr.av-jxmy9418-28ea9e84abd2dee2eeae56195c999302{\nmargin-top:0px;\nmargin-bottom:10px;\n}\n.hr.av-jxmy9418-28ea9e84abd2dee2eeae56195c999302 .hr-inner{\nwidth:100%;\nborder-color:#166344;\n}\n<\/style>\n<div  class='hr av-jxmy9418-28ea9e84abd2dee2eeae56195c999302 hr-custom  avia-builder-el-3  el_after_av_heading  el_before_av_textblock  hr-left hr-icon-no'><span class='hr-inner inner-border-av-border-fat'><span class=\"hr-inner-style\"><\/span><\/span><\/div><br \/>\n<section  class='av_textblock_section av-jxmy5k5u-4e25541c216d875cd0bb277a78d9cc62 '   itemscope=\"itemscope\" itemtype=\"https:\/\/schema.org\/CreativeWork\" ><div class='avia_textblock'  itemprop=\"text\" ><p>We offer a wide selection of construction services, <a href=\"https:\/\/www.montreco.ee\/en\/electrical-works\/\">electrical works<\/a> and <a href=\"https:\/\/www.montreco.ee\/en\/machinery-rental\/\">excavator rental<\/a>. We mostly do our work by way of general contracting, but we usually don&#8217;t turn smaller projects down either. You can find private houses as well as large industrial buildings among our works. Similar to construction works, we also do electrical works of various types and volumes. Our goal is to offer our clients &#8216;turnkey&#8217; solutions. Our machine fleet includes several excavators of different sizes that you can rent from us. Don&#8217;t hesitate to contact us if you need construction and electrical works or want to rent an excavator. We will find the most suitable solution for you!<\/p>\n<\/div><\/section><br \/>\n\n<style type=\"text\/css\" data-created_by=\"avia_inline_auto\" id=\"style-css-av-jxmy9418-2b5b363ffca7713c74baca895d33be5d\">\n#top .hr.hr-invisible.av-jxmy9418-2b5b363ffca7713c74baca895d33be5d{\nheight:50px;\n}\n<\/style>\n<div  class='hr av-jxmy9418-2b5b363ffca7713c74baca895d33be5d hr-invisible  avia-builder-el-5  el_after_av_textblock  avia-builder-el-last  phone-whitespace'><span class='hr-inner '><span class=\"hr-inner-style\"><\/span><\/span><\/div><\/p><\/div>\n<style type=\"text\/css\" data-created_by=\"avia_inline_auto\" id=\"style-css-av-1uij3-42114fb0016592afbe15e621a0cd917f\">\n.flex_column.av-1uij3-42114fb0016592afbe15e621a0cd917f{\nborder-radius:0px 0px 0px 0px;\npadding:0px 0px 0px 0px;\n}\n<\/style>\n<div  class='flex_column av-1uij3-42114fb0016592afbe15e621a0cd917f av_one_half  avia-builder-el-6  el_after_av_one_half  avia-builder-el-last  av-break-at-tablet flex_column_div av-zero-column-padding  '     ><style type=\"text\/css\" data-created_by=\"avia_inline_auto\" id=\"style-css-av-k1j9lz8k-7317025fd301b5bb81d55bc3a17e693f\">\n.avia-image-container.av-k1j9lz8k-7317025fd301b5bb81d55bc3a17e693f img.avia_image{\nbox-shadow:none;\n}\n.avia-image-container.av-k1j9lz8k-7317025fd301b5bb81d55bc3a17e693f .av-image-caption-overlay-center{\ncolor:#ffffff;\n}\n<\/style>\n<div  class='avia-image-container av-k1j9lz8k-7317025fd301b5bb81d55bc3a17e693f av-styling-no-styling avia-align-center  avia-builder-el-7  avia-builder-el-no-sibling  clip-style4'   itemprop=\"image\" itemscope=\"itemscope\" itemtype=\"https:\/\/schema.org\/ImageObject\" ><div class=\"avia-image-container-inner\"><div class=\"avia-image-overlay-wrap\"><img decoding=\"async\" fetchpriority=\"high\" class='wp-image-2680 avia-img-lazy-loading-not-2680 avia_image ' src=\"https:\/\/www.montreco.ee\/wp-content\/uploads\/2019\/10\/Nautica_Babyback_3.jpg\" alt='' title='Nautica_Babyback_3'  height=\"683\" width=\"1024\"  itemprop=\"thumbnailUrl\" srcset=\"https:\/\/www.montreco.ee\/wp-content\/uploads\/2019\/10\/Nautica_Babyback_3.jpg 1024w, https:\/\/www.montreco.ee\/wp-content\/uploads\/2019\/10\/Nautica_Babyback_3-300x200.jpg 300w, https:\/\/www.montreco.ee\/wp-content\/uploads\/2019\/10\/Nautica_Babyback_3-768x512.jpg 768w, https:\/\/www.montreco.ee\/wp-content\/uploads\/2019\/10\/Nautica_Babyback_3-705x470.jpg 705w, https:\/\/www.montreco.ee\/wp-content\/uploads\/2019\/10\/Nautica_Babyback_3-20x13.jpg 20w\" sizes=\"(max-width: 1024px) 100vw, 1024px\" \/><\/div><\/div><\/div><\/div>\n\n<\/div><\/div><\/main><!-- close content main element --><\/div><\/div>\n<style type=\"text\/css\" data-created_by=\"avia_inline_auto\" id=\"style-css-av-4vshb-67b2f88475516ba1ea25545fa2173ac9\">\n.avia-section.av-4vshb-67b2f88475516ba1ea25545fa2173ac9{\nbackground-color:#f2f2f2;\nbackground-image:unset;\n}\n<\/style>\n<div id='av_section_2'  class='avia-section av-4vshb-67b2f88475516ba1ea25545fa2173ac9 main_color avia-section-default avia-no-border-styling  avia-builder-el-8  el_after_av_section  avia-builder-el-last  full-width w-92 equal-columns avia-bg-style-scroll container_wrap fullsize'  ><div class='container av-section-cont-open' ><div class='template-page content  av-content-full alpha units'><div class='post-entry post-entry-type-page post-entry-3301'><div class='entry-content-wrapper clearfix'>\n<div class='flex_column_table av-7imp8-0db107239d297e57279600e3848f1db7 sc-av_one_fourth av-break-at-tablet-flextable av-equal-height-column-flextable'>\n<style type=\"text\/css\" data-created_by=\"avia_inline_auto\" id=\"style-css-av-7imp8-0db107239d297e57279600e3848f1db7\">\n.flex_column.av-7imp8-0db107239d297e57279600e3848f1db7{\nborder-radius:0px 0px 0px 0px;\npadding:0px 0px 0px 0px;\n}\n<\/style>\n<div  class='flex_column av-7imp8-0db107239d297e57279600e3848f1db7 av_one_fourth  avia-builder-el-9  el_before_av_one_fourth  avia-builder-el-first  first av-break-at-tablet flex_column_table_cell av-equal-height-column av-align-top av-zero-column-padding  '     ><section  class='av_textblock_section av-k1tacx3b-0265bbc46fa4c87dcdbc8e76d9c3abc5 '   itemscope=\"itemscope\" itemtype=\"https:\/\/schema.org\/CreativeWork\" ><div class='avia_textblock'  itemprop=\"text\" ><p class=\"montreco-underline\"><strong><a href=\"https:\/\/www.montreco.ee\/en\/services\/office-and-commercial-premises\/\">Office and commercial premises<\/a><\/strong><\/p>\n<\/div><\/section><br \/>\n\n<style type=\"text\/css\" data-created_by=\"avia_inline_auto\" id=\"style-css-av-k1tabvp7-b9546512762cba24eb8625e048248467\">\n.avia-image-container.av-k1tabvp7-b9546512762cba24eb8625e048248467 img.avia_image{\nbox-shadow:none;\n}\n.avia-image-container.av-k1tabvp7-b9546512762cba24eb8625e048248467 .av-image-caption-overlay-center{\ncolor:#ffffff;\n}\n<\/style>\n<div  class='avia-image-container av-k1tabvp7-b9546512762cba24eb8625e048248467 av-styling- av-img-linked avia-align-center  avia-builder-el-11  el_after_av_textblock  avia-builder-el-last  clip-style3 right-flag'   itemprop=\"image\" itemscope=\"itemscope\" itemtype=\"https:\/\/schema.org\/ImageObject\" ><div class=\"avia-image-container-inner\"><div class=\"avia-image-overlay-wrap\"><a href=\"https:\/\/www.montreco.ee\/en\/services\/office-and-commercial-premises\/\" class='avia_image '  aria-label='M\u00e4rjamaa Rimi'><img decoding=\"async\" fetchpriority=\"high\" class='wp-image-2720 avia-img-lazy-loading-not-2720 avia_image ' src=\"https:\/\/www.montreco.ee\/wp-content\/uploads\/2019\/10\/M\u00e4rjamaa_rimi-1-845x684.jpg\" alt='' title='M\u00e4rjamaa Rimi'  height=\"684\" width=\"845\"  itemprop=\"thumbnailUrl\" srcset=\"https:\/\/www.montreco.ee\/wp-content\/uploads\/2019\/10\/M\u00e4rjamaa_rimi-1-845x684.jpg 845w, https:\/\/www.montreco.ee\/wp-content\/uploads\/2019\/10\/M\u00e4rjamaa_rimi-1-495x400.jpg 495w\" sizes=\"(max-width: 845px) 100vw, 845px\" \/><\/a><\/div><\/div><\/div><\/p><\/div><div class='av-flex-placeholder'><\/div>\n<style type=\"text\/css\" data-created_by=\"avia_inline_auto\" id=\"style-css-av-7imp8-cbdb22011cf94c566b38e92e76797423\">\n.flex_column.av-7imp8-cbdb22011cf94c566b38e92e76797423{\nborder-radius:0px 0px 0px 0px;\npadding:0px 0px 0px 0px;\n}\n<\/style>\n<div  class='flex_column av-7imp8-cbdb22011cf94c566b38e92e76797423 av_one_fourth  avia-builder-el-12  el_after_av_one_fourth  el_before_av_one_fourth  av-break-at-tablet flex_column_table_cell av-equal-height-column av-align-top av-zero-column-padding  '     ><section  class='av_textblock_section av-k1tacx3b-0265bbc46fa4c87dcdbc8e76d9c3abc5 '   itemscope=\"itemscope\" itemtype=\"https:\/\/schema.org\/CreativeWork\" ><div class='avia_textblock'  itemprop=\"text\" ><p class=\"montreco-underline\"><strong><a href=\"https:\/\/www.montreco.ee\/en\/services\/residential-and-public-buildings\/\">Residential and public buildings<\/a><\/strong><\/p>\n<\/div><\/section><br \/>\n\n<style type=\"text\/css\" data-created_by=\"avia_inline_auto\" id=\"style-css-av-k1tabvp7-af922b30c20b17f3e7771dbe757b04f0\">\n.avia-image-container.av-k1tabvp7-af922b30c20b17f3e7771dbe757b04f0 img.avia_image{\nbox-shadow:none;\n}\n.avia-image-container.av-k1tabvp7-af922b30c20b17f3e7771dbe757b04f0 .av-image-caption-overlay-center{\ncolor:#ffffff;\n}\n<\/style>\n<div  class='avia-image-container av-k1tabvp7-af922b30c20b17f3e7771dbe757b04f0 av-styling- av-img-linked avia-align-center  avia-builder-el-14  el_after_av_textblock  avia-builder-el-last  clip-style3 right-flag'   itemprop=\"image\" itemscope=\"itemscope\" itemtype=\"https:\/\/schema.org\/ImageObject\" ><div class=\"avia-image-container-inner\"><div class=\"avia-image-overlay-wrap\"><a href=\"https:\/\/www.montreco.ee\/en\/services\/residential-and-public-buildings\/\" class='avia_image '  aria-label='Laki 24 Hostel'><img decoding=\"async\" fetchpriority=\"high\" class='wp-image-2880 avia-img-lazy-loading-not-2880 avia_image ' src=\"https:\/\/www.montreco.ee\/wp-content\/uploads\/2019\/10\/Laki-24_Hostel-7-845x684.jpg\" alt='' title='Laki 24 Hostel'  height=\"684\" width=\"845\"  itemprop=\"thumbnailUrl\" srcset=\"https:\/\/www.montreco.ee\/wp-content\/uploads\/2019\/10\/Laki-24_Hostel-7-845x684.jpg 845w, https:\/\/www.montreco.ee\/wp-content\/uploads\/2019\/10\/Laki-24_Hostel-7-495x400.jpg 495w\" sizes=\"(max-width: 845px) 100vw, 845px\" \/><\/a><\/div><\/div><\/div><\/p><\/div><div class='av-flex-placeholder'><\/div>\n<style type=\"text\/css\" data-created_by=\"avia_inline_auto\" id=\"style-css-av-7imp8-cbdb22011cf94c566b38e92e76797423\">\n.flex_column.av-7imp8-cbdb22011cf94c566b38e92e76797423{\nborder-radius:0px 0px 0px 0px;\npadding:0px 0px 0px 0px;\n}\n<\/style>\n<div  class='flex_column av-7imp8-cbdb22011cf94c566b38e92e76797423 av_one_fourth  avia-builder-el-15  el_after_av_one_fourth  el_before_av_one_fourth  av-break-at-tablet flex_column_table_cell av-equal-height-column av-align-top av-zero-column-padding  '     ><section  class='av_textblock_section av-k1tacx3b-0265bbc46fa4c87dcdbc8e76d9c3abc5 '   itemscope=\"itemscope\" itemtype=\"https:\/\/schema.org\/CreativeWork\" ><div class='avia_textblock'  itemprop=\"text\" ><p class=\"montreco-underline\"><strong><a href=\"https:\/\/www.montreco.ee\/en\/services\/civil-engineering-structures-and-facilities\/\">Civil engineering structures and facilities<\/a><\/strong><\/p>\n<\/div><\/section><br \/>\n\n<style type=\"text\/css\" data-created_by=\"avia_inline_auto\" id=\"style-css-av-k1tabvp7-34aa19142f73a04a7f6a11ca0fcadba8\">\n.avia-image-container.av-k1tabvp7-34aa19142f73a04a7f6a11ca0fcadba8 img.avia_image{\nbox-shadow:none;\n}\n.avia-image-container.av-k1tabvp7-34aa19142f73a04a7f6a11ca0fcadba8 .av-image-caption-overlay-center{\ncolor:#ffffff;\n}\n<\/style>\n<div  class='avia-image-container av-k1tabvp7-34aa19142f73a04a7f6a11ca0fcadba8 av-styling- av-img-linked avia-align-center  avia-builder-el-17  el_after_av_textblock  avia-builder-el-last  clip-style3 right-flag'   itemprop=\"image\" itemscope=\"itemscope\" itemtype=\"https:\/\/schema.org\/ImageObject\" ><div class=\"avia-image-container-inner\"><div class=\"avia-image-overlay-wrap\"><a href=\"https:\/\/www.montreco.ee\/en\/services\/civil-engineering-structures-and-facilities\/\" class='avia_image '  aria-label='Peetri Car Wash'><img decoding=\"async\" fetchpriority=\"high\" class='wp-image-2823 avia-img-lazy-loading-not-2823 avia_image ' src=\"https:\/\/www.montreco.ee\/wp-content\/uploads\/2019\/10\/Peetri-pesula-1-845x684.jpg\" alt='' title='Peetri Car Wash'  height=\"684\" width=\"845\"  itemprop=\"thumbnailUrl\" srcset=\"https:\/\/www.montreco.ee\/wp-content\/uploads\/2019\/10\/Peetri-pesula-1-845x684.jpg 845w, https:\/\/www.montreco.ee\/wp-content\/uploads\/2019\/10\/Peetri-pesula-1-495x400.jpg 495w\" sizes=\"(max-width: 845px) 100vw, 845px\" \/><\/a><\/div><\/div><\/div><\/p><\/div><div class='av-flex-placeholder'><\/div>\n<style type=\"text\/css\" data-created_by=\"avia_inline_auto\" id=\"style-css-av-7imp8-cbdb22011cf94c566b38e92e76797423\">\n.flex_column.av-7imp8-cbdb22011cf94c566b38e92e76797423{\nborder-radius:0px 0px 0px 0px;\npadding:0px 0px 0px 0px;\n}\n<\/style>\n<div  class='flex_column av-7imp8-cbdb22011cf94c566b38e92e76797423 av_one_fourth  avia-builder-el-18  el_after_av_one_fourth  avia-builder-el-last  av-break-at-tablet flex_column_table_cell av-equal-height-column av-align-top av-zero-column-padding  '     ><section  class='av_textblock_section av-k1tacx3b-0265bbc46fa4c87dcdbc8e76d9c3abc5 '   itemscope=\"itemscope\" itemtype=\"https:\/\/schema.org\/CreativeWork\" ><div class='avia_textblock'  itemprop=\"text\" ><p class=\"montreco-underline\"><strong><a href=\"https:\/\/www.montreco.ee\/en\/services\/industrial-and-agricultural-buildings\/\">Industrial and agricultural buildings<\/a><\/strong><\/p>\n<\/div><\/section><br \/>\n\n<style type=\"text\/css\" data-created_by=\"avia_inline_auto\" id=\"style-css-av-k1tabvp7-c8275ba9fd81fd94c2dffacd045d12e0\">\n.avia-image-container.av-k1tabvp7-c8275ba9fd81fd94c2dffacd045d12e0 img.avia_image{\nbox-shadow:none;\n}\n.avia-image-container.av-k1tabvp7-c8275ba9fd81fd94c2dffacd045d12e0 .av-image-caption-overlay-center{\ncolor:#ffffff;\n}\n<\/style>\n<div  class='avia-image-container av-k1tabvp7-c8275ba9fd81fd94c2dffacd045d12e0 av-styling- av-img-linked avia-align-center  avia-builder-el-20  el_after_av_textblock  avia-builder-el-last  clip-style3 right-flag'   itemprop=\"image\" itemscope=\"itemscope\" itemtype=\"https:\/\/schema.org\/ImageObject\" ><div class=\"avia-image-container-inner\"><div class=\"avia-image-overlay-wrap\"><a href=\"https:\/\/www.montreco.ee\/en\/services\/industrial-and-agricultural-buildings\/\" class='avia_image '  aria-label='Metalli 8'><img decoding=\"async\" fetchpriority=\"high\" class='wp-image-2867 avia-img-lazy-loading-not-2867 avia_image ' src=\"https:\/\/www.montreco.ee\/wp-content\/uploads\/2019\/10\/Metalli_8-3-845x684.jpg\" alt='' title='Metalli 8'  height=\"684\" width=\"845\"  itemprop=\"thumbnailUrl\" srcset=\"https:\/\/www.montreco.ee\/wp-content\/uploads\/2019\/10\/Metalli_8-3-845x684.jpg 845w, https:\/\/www.montreco.ee\/wp-content\/uploads\/2019\/10\/Metalli_8-3-495x400.jpg 495w\" sizes=\"(max-width: 845px) 100vw, 845px\" \/><\/a><\/div><\/div><\/div><\/p><\/div><\/div><!--close column table wrapper. Autoclose: 1 -->\n","protected":false},"excerpt":{"rendered":"","protected":false},"author":5,"featured_media":0,"parent":0,"menu_order":43,"comment_status":"closed","ping_status":"closed","template":"","meta":{"_acf_changed":false,"footnotes":""},"class_list":["post-3301","page","type-page","status-publish","hentry"],"acf":[],"yoast_head":"<!-- This site is optimized with the Yoast SEO plugin v27.2 - https:\/\/yoast.com\/product\/yoast-seo-wordpress\/ -->\n<title>Services | Construction Works and Electrical Works | Montreco O\u00dc<\/title>\n<meta name=\"description\" content=\"We offer a wide selection of construction services, electrical works and excavator rental. Don&#039;t hesitate to contact us and we will find the most suitable solution for you!\" \/>\n<meta name=\"robots\" content=\"index, follow, max-snippet:-1, max-image-preview:large, max-video-preview:-1\" \/>\n<link rel=\"canonical\" href=\"https:\/\/www.montreco.ee\/en\/services\/\" \/>\n<meta property=\"og:locale\" content=\"en_US\" \/>\n<meta property=\"og:type\" content=\"article\" \/>\n<meta property=\"og:title\" content=\"Services | Construction Works and Electrical Works | Montreco O\u00dc\" \/>\n<meta property=\"og:description\" content=\"We offer a wide selection of construction services, electrical works and excavator rental. Don&#039;t hesitate to contact us and we will find the most suitable solution for you!\" \/>\n<meta property=\"og:url\" content=\"https:\/\/www.montreco.ee\/en\/services\/\" \/>\n<meta property=\"og:site_name\" content=\"Mantreco O\u00dc\" \/>\n<meta property=\"article:modified_time\" content=\"2020-12-14T14:06:48+00:00\" \/>\n<meta name=\"twitter:card\" content=\"summary_large_image\" \/>\n<meta name=\"twitter:label1\" content=\"Est. reading time\" \/>\n\t<meta name=\"twitter:data1\" content=\"9 minutes\" \/>\n<script type=\"application\/ld+json\" class=\"yoast-schema-graph\">{\"@context\":\"https:\/\/schema.org\",\"@graph\":[{\"@type\":\"WebPage\",\"@id\":\"https:\/\/www.montreco.ee\/en\/services\/\",\"url\":\"https:\/\/www.montreco.ee\/en\/services\/\",\"name\":\"Services | Construction Works and Electrical Works | Montreco O\u00dc\",\"isPartOf\":{\"@id\":\"https:\/\/www.montreco.ee\/en\/#website\"},\"datePublished\":\"2019-10-10T08:16:48+00:00\",\"dateModified\":\"2020-12-14T14:06:48+00:00\",\"description\":\"We offer a wide selection of construction services, electrical works and excavator rental. Don't hesitate to contact us and we will find the most suitable solution for you!\",\"breadcrumb\":{\"@id\":\"https:\/\/www.montreco.ee\/en\/services\/#breadcrumb\"},\"inLanguage\":\"en-US\",\"potentialAction\":[{\"@type\":\"ReadAction\",\"target\":[\"https:\/\/www.montreco.ee\/en\/services\/\"]}]},{\"@type\":\"BreadcrumbList\",\"@id\":\"https:\/\/www.montreco.ee\/en\/services\/#breadcrumb\",\"itemListElement\":[{\"@type\":\"ListItem\",\"position\":1,\"name\":\"Home\",\"item\":\"https:\/\/www.montreco.ee\/en\/\"},{\"@type\":\"ListItem\",\"position\":2,\"name\":\"Services\"}]},{\"@type\":\"WebSite\",\"@id\":\"https:\/\/www.montreco.ee\/en\/#website\",\"url\":\"https:\/\/www.montreco.ee\/en\/\",\"name\":\"Mantreco O\u00dc\",\"description\":\"Peat\u00f6\u00f6v\u00f5tt ja projektijuhtimine\",\"publisher\":{\"@id\":\"https:\/\/www.montreco.ee\/en\/#organization\"},\"potentialAction\":[{\"@type\":\"SearchAction\",\"target\":{\"@type\":\"EntryPoint\",\"urlTemplate\":\"https:\/\/www.montreco.ee\/en\/?s={search_term_string}\"},\"query-input\":{\"@type\":\"PropertyValueSpecification\",\"valueRequired\":true,\"valueName\":\"search_term_string\"}}],\"inLanguage\":\"en-US\"},{\"@type\":\"Organization\",\"@id\":\"https:\/\/www.montreco.ee\/en\/#organization\",\"name\":\"Montreco O\u00dc\",\"url\":\"https:\/\/www.montreco.ee\/en\/\",\"logo\":{\"@type\":\"ImageObject\",\"inLanguage\":\"en-US\",\"@id\":\"https:\/\/www.montreco.ee\/en\/#\/schema\/logo\/image\/\",\"url\":\"https:\/\/www.montreco.ee\/wp-content\/uploads\/2020\/01\/Montreco_logo.svg\",\"contentUrl\":\"https:\/\/www.montreco.ee\/wp-content\/uploads\/2020\/01\/Montreco_logo.svg\",\"width\":3180,\"height\":890,\"caption\":\"Montreco O\u00dc\"},\"image\":{\"@id\":\"https:\/\/www.montreco.ee\/en\/#\/schema\/logo\/image\/\"}}]}<\/script>\n<!-- \/ Yoast SEO plugin. -->","yoast_head_json":{"title":"Services | Construction Works and Electrical Works | Montreco O\u00dc","description":"We offer a wide selection of construction services, electrical works and excavator rental. Don't hesitate to contact us and we will find the most suitable solution for you!","robots":{"index":"index","follow":"follow","max-snippet":"max-snippet:-1","max-image-preview":"max-image-preview:large","max-video-preview":"max-video-preview:-1"},"canonical":"https:\/\/www.montreco.ee\/en\/services\/","og_locale":"en_US","og_type":"article","og_title":"Services | Construction Works and Electrical Works | Montreco O\u00dc","og_description":"We offer a wide selection of construction services, electrical works and excavator rental. Don't hesitate to contact us and we will find the most suitable solution for you!","og_url":"https:\/\/www.montreco.ee\/en\/services\/","og_site_name":"Mantreco O\u00dc","article_modified_time":"2020-12-14T14:06:48+00:00","twitter_card":"summary_large_image","twitter_misc":{"Est. reading time":"9 minutes"},"schema":{"@context":"https:\/\/schema.org","@graph":[{"@type":"WebPage","@id":"https:\/\/www.montreco.ee\/en\/services\/","url":"https:\/\/www.montreco.ee\/en\/services\/","name":"Services | Construction Works and Electrical Works | Montreco O\u00dc","isPartOf":{"@id":"https:\/\/www.montreco.ee\/en\/#website"},"datePublished":"2019-10-10T08:16:48+00:00","dateModified":"2020-12-14T14:06:48+00:00","description":"We offer a wide selection of construction services, electrical works and excavator rental. Don't hesitate to contact us and we will find the most suitable solution for you!","breadcrumb":{"@id":"https:\/\/www.montreco.ee\/en\/services\/#breadcrumb"},"inLanguage":"en-US","potentialAction":[{"@type":"ReadAction","target":["https:\/\/www.montreco.ee\/en\/services\/"]}]},{"@type":"BreadcrumbList","@id":"https:\/\/www.montreco.ee\/en\/services\/#breadcrumb","itemListElement":[{"@type":"ListItem","position":1,"name":"Home","item":"https:\/\/www.montreco.ee\/en\/"},{"@type":"ListItem","position":2,"name":"Services"}]},{"@type":"WebSite","@id":"https:\/\/www.montreco.ee\/en\/#website","url":"https:\/\/www.montreco.ee\/en\/","name":"Mantreco O\u00dc","description":"Peat\u00f6\u00f6v\u00f5tt ja projektijuhtimine","publisher":{"@id":"https:\/\/www.montreco.ee\/en\/#organization"},"potentialAction":[{"@type":"SearchAction","target":{"@type":"EntryPoint","urlTemplate":"https:\/\/www.montreco.ee\/en\/?s={search_term_string}"},"query-input":{"@type":"PropertyValueSpecification","valueRequired":true,"valueName":"search_term_string"}}],"inLanguage":"en-US"},{"@type":"Organization","@id":"https:\/\/www.montreco.ee\/en\/#organization","name":"Montreco O\u00dc","url":"https:\/\/www.montreco.ee\/en\/","logo":{"@type":"ImageObject","inLanguage":"en-US","@id":"https:\/\/www.montreco.ee\/en\/#\/schema\/logo\/image\/","url":"https:\/\/www.montreco.ee\/wp-content\/uploads\/2020\/01\/Montreco_logo.svg","contentUrl":"https:\/\/www.montreco.ee\/wp-content\/uploads\/2020\/01\/Montreco_logo.svg","width":3180,"height":890,"caption":"Montreco O\u00dc"},"image":{"@id":"https:\/\/www.montreco.ee\/en\/#\/schema\/logo\/image\/"}}]}},"_links":{"self":[{"href":"https:\/\/www.montreco.ee\/en\/wp-json\/wp\/v2\/pages\/3301","targetHints":{"allow":["GET"]}}],"collection":[{"href":"https:\/\/www.montreco.ee\/en\/wp-json\/wp\/v2\/pages"}],"about":[{"href":"https:\/\/www.montreco.ee\/en\/wp-json\/wp\/v2\/types\/page"}],"author":[{"embeddable":true,"href":"https:\/\/www.montreco.ee\/en\/wp-json\/wp\/v2\/users\/5"}],"replies":[{"embeddable":true,"href":"https:\/\/www.montreco.ee\/en\/wp-json\/wp\/v2\/comments?post=3301"}],"version-history":[{"count":4,"href":"https:\/\/www.montreco.ee\/en\/wp-json\/wp\/v2\/pages\/3301\/revisions"}],"predecessor-version":[{"id":5889,"href":"https:\/\/www.montreco.ee\/en\/wp-json\/wp\/v2\/pages\/3301\/revisions\/5889"}],"wp:attachment":[{"href":"https:\/\/www.montreco.ee\/en\/wp-json\/wp\/v2\/media?parent=3301"}],"curies":[{"name":"wp","href":"https:\/\/api.w.org\/{rel}","templated":true}]}}