{"id":3318,"date":"2019-10-17T07:23:51","date_gmt":"2019-10-17T04:23:51","guid":{"rendered":"https:\/\/www.montreco.ee\/services\/industrial-and-agricultural-buildings\/"},"modified":"2020-12-14T15:56:00","modified_gmt":"2020-12-14T13:56:00","slug":"industrial-and-agricultural-buildings","status":"publish","type":"page","link":"https:\/\/www.montreco.ee\/en\/services\/industrial-and-agricultural-buildings\/","title":{"rendered":"Industrial and agricultural buildings"},"content":{"rendered":"\n<style type=\"text\/css\" data-created_by=\"avia_inline_auto\" id=\"style-css-av-jxmy3rv7-fb61b50094ce8a37c1a00b6063663918\">\n.avia-section.av-jxmy3rv7-fb61b50094ce8a37c1a00b6063663918{\nbackground-color:#f2f2f2;\nbackground-image:unset;\n}\n<\/style>\n<div id='av_section_1'  class='avia-section av-jxmy3rv7-fb61b50094ce8a37c1a00b6063663918 main_color avia-section-default avia-no-border-styling  avia-builder-el-0  el_before_av_postcontent  avia-builder-el-first  full-width p-top--huge avia-bg-style-scroll container_wrap fullsize'  ><div class='container av-section-cont-open' ><main  role=\"main\" itemprop=\"mainContentOfPage\"  class='template-page content  av-content-full alpha units'><div class='post-entry post-entry-type-page post-entry-3318'><div class='entry-content-wrapper clearfix'>\n\n<style type=\"text\/css\" data-created_by=\"avia_inline_auto\" id=\"style-css-av-2wa93-86ce8ddf2ada1b8079a0725fc0d802ce\">\n.flex_column.av-2wa93-86ce8ddf2ada1b8079a0725fc0d802ce{\nborder-radius:0px 0px 0px 0px;\npadding:0px 0px 0px 0%;\n}\n<\/style>\n<div  class='flex_column av-2wa93-86ce8ddf2ada1b8079a0725fc0d802ce av_one_half  avia-builder-el-1  el_before_av_one_half  avia-builder-el-first  first av-break-at-tablet flex_column_div  '     ><p>\n<style type=\"text\/css\" data-created_by=\"avia_inline_auto\" id=\"style-css-av-k60r3ll0-0fb462ced3d61d833e5b0f84df44ae6e\">\n#top .av-special-heading.av-k60r3ll0-0fb462ced3d61d833e5b0f84df44ae6e{\nmargin:0 0 0 0;\npadding-bottom:10px;\n}\nbody .av-special-heading.av-k60r3ll0-0fb462ced3d61d833e5b0f84df44ae6e .av-special-heading-tag .heading-char{\nfont-size:25px;\n}\n.av-special-heading.av-k60r3ll0-0fb462ced3d61d833e5b0f84df44ae6e .av-subheading{\nfont-size:15px;\n}\n<\/style>\n<div  class='av-special-heading av-k60r3ll0-0fb462ced3d61d833e5b0f84df44ae6e av-special-heading-h1 blockquote modern-quote  avia-builder-el-2  el_before_av_hr  avia-builder-el-first  break-word'><h1 class='av-special-heading-tag '  itemprop=\"headline\"  >Industrial and agricultural buildings<\/h1><div class=\"special-heading-border\"><div class=\"special-heading-inner-border\"><\/div><\/div><\/div><br \/>\n\n<style type=\"text\/css\" data-created_by=\"avia_inline_auto\" id=\"style-css-av-jxmy9418-28ea9e84abd2dee2eeae56195c999302\">\n#top .hr.av-jxmy9418-28ea9e84abd2dee2eeae56195c999302{\nmargin-top:0px;\nmargin-bottom:10px;\n}\n.hr.av-jxmy9418-28ea9e84abd2dee2eeae56195c999302 .hr-inner{\nwidth:100%;\nborder-color:#166344;\n}\n<\/style>\n<div  class='hr av-jxmy9418-28ea9e84abd2dee2eeae56195c999302 hr-custom  avia-builder-el-3  el_after_av_heading  el_before_av_textblock  hr-left hr-icon-no'><span class='hr-inner inner-border-av-border-fat'><span class=\"hr-inner-style\"><\/span><\/span><\/div><br \/>\n<section  class='av_textblock_section av-jxmy5k5u-4e25541c216d875cd0bb277a78d9cc62 '   itemscope=\"itemscope\" itemtype=\"https:\/\/schema.org\/CreativeWork\" ><div class='avia_textblock'  itemprop=\"text\" ><p>We have built large warehouses and production buildings as well as agricultural buildings and know the specifics of the area very well. Each type of building is subject to certain regulations and has its own specificities, which we know well because of our previous experience. We do our work by way of general contracting. All we need from you is an idea \u2013 you can leave everything else to us!<\/p>\n<p>You can see our works below<\/p>\n<\/div><\/section><br \/>\n\n<style type=\"text\/css\" data-created_by=\"avia_inline_auto\" id=\"style-css-av-jxmy9418-2b5b363ffca7713c74baca895d33be5d\">\n#top .hr.hr-invisible.av-jxmy9418-2b5b363ffca7713c74baca895d33be5d{\nheight:50px;\n}\n<\/style>\n<div  class='hr av-jxmy9418-2b5b363ffca7713c74baca895d33be5d hr-invisible  avia-builder-el-5  el_after_av_textblock  avia-builder-el-last  phone-whitespace'><span class='hr-inner '><span class=\"hr-inner-style\"><\/span><\/span><\/div><\/p><\/div>\n<style type=\"text\/css\" data-created_by=\"avia_inline_auto\" id=\"style-css-av-1uij3-42114fb0016592afbe15e621a0cd917f\">\n.flex_column.av-1uij3-42114fb0016592afbe15e621a0cd917f{\nborder-radius:0px 0px 0px 0px;\npadding:0px 0px 0px 0px;\n}\n<\/style>\n<div  class='flex_column av-1uij3-42114fb0016592afbe15e621a0cd917f av_one_half  avia-builder-el-6  el_after_av_one_half  avia-builder-el-last  av-break-at-tablet flex_column_div av-zero-column-padding  '     ><style type=\"text\/css\" data-created_by=\"avia_inline_auto\" id=\"style-css-av-k1j9lz8k-bd260b15ae5ed3d02586cb2e34229d04\">\n.avia-image-container.av-k1j9lz8k-bd260b15ae5ed3d02586cb2e34229d04 img.avia_image{\nbox-shadow:none;\n}\n.avia-image-container.av-k1j9lz8k-bd260b15ae5ed3d02586cb2e34229d04 .av-image-caption-overlay-center{\ncolor:#ffffff;\n}\n<\/style>\n<div  class='avia-image-container av-k1j9lz8k-bd260b15ae5ed3d02586cb2e34229d04 av-styling-no-styling avia-align-center  avia-builder-el-7  avia-builder-el-no-sibling  clip-style4'   itemprop=\"image\" itemscope=\"itemscope\" itemtype=\"https:\/\/schema.org\/ImageObject\" ><div class=\"avia-image-container-inner\"><div class=\"avia-image-overlay-wrap\"><img decoding=\"async\" fetchpriority=\"high\" class='wp-image- avia-img-lazy-loading-not- avia_image ' src=\"https:\/\/www.montreco.ee\/wp-content\/uploads\/2019\/10\/Metalli8_4.jpg\" alt='' title=''   itemprop=\"thumbnailUrl\"  \/><\/div><\/div><\/div><\/div>\n\n[av_section min_height='' min_height_px='500px' padding='default' shadow='no-border-styling' bottom_border='no-border-styling' bottom_border_diagonal_color='#333333' bottom_border_diagonal_direction='' bottom_border_style='' custom_margin='0px' custom_margin_sync='true' custom_arrow_bg='' id='' color='main_color' background='bg_color' custom_bg='#f2f2f2' background_gradient_color1='' background_gradient_color2='' background_gradient_direction='vertical' src='' attachment='' attachment_size='' attach='scroll' position='top left' repeat='no-repeat' video='' video_ratio='16:9' overlay_opacity='0.5' overlay_color='' overlay_pattern='' overlay_custom_pattern='' av_element_hidden_in_editor='0' av_uid='av-4vshb' custom_class='full-width w-92']\n[av_tab_container position='top_tab' boxed='border_tabs' initial='1' av_uid='av-k1jbjjwt' custom_class='']\n[av_tab title='Office and commercial premises' icon_select='no' icon='ue800' font='entypo-fontello' av_uid='av-w973']\n[ess_grid alias=\"B\u00fcroo- ja kaubanduspinnad EN\"]\n[\/av_tab]\n[av_tab title='Residential and public buildings' icon_select='no' icon='ue800' font='entypo-fontello' av_uid='av-z6zf']\n<p>[ess_grid alias=\"Elamud ja avalikud hooned EN\"]<\/p>\n[\/av_tab]\n[av_tab title='Civil engineering structures and facilities' icon_select='no' icon='ue800' font='entypo-fontello' av_uid='av-g7kuv']\n<p>[ess_grid alias=\"Insenerehitised ja-rajatised EN\"]<\/p>\n[\/av_tab]\n[av_tab title='Industrial and agricultural buildings' icon_select='no' icon='ue800' font='entypo-fontello' av_uid='av-80b87']\n<p>[ess_grid alias=\"T\u00f6\u00f6stus- ja p\u00f5llumajandushooned EN\"]<\/p>\n[\/av_tab]\n[\/av_tab_container]\n[\/av_section]\n\n\n","protected":false},"excerpt":{"rendered":"","protected":false},"author":5,"featured_media":0,"parent":3301,"menu_order":30,"comment_status":"closed","ping_status":"closed","template":"","meta":{"_acf_changed":false,"footnotes":""},"class_list":["post-3318","page","type-page","status-publish","hentry"],"acf":[],"yoast_head":"<!-- This site is optimized with the Yoast SEO plugin v27.2 - https:\/\/yoast.com\/product\/yoast-seo-wordpress\/ -->\n<title>Industrial and agricultural buildings | Mantreco O\u00dc<\/title>\n<meta name=\"description\" content=\"We have built large warehouses and production buildings as well as agricultural buildings and know the specifics of the area very well. \u27a4 See more!\" \/>\n<meta name=\"robots\" content=\"index, follow, max-snippet:-1, max-image-preview:large, max-video-preview:-1\" \/>\n<link rel=\"canonical\" href=\"https:\/\/www.montreco.ee\/en\/services\/industrial-and-agricultural-buildings\/\" \/>\n<meta property=\"og:locale\" content=\"en_US\" \/>\n<meta property=\"og:type\" content=\"article\" \/>\n<meta property=\"og:title\" content=\"Industrial and agricultural buildings | Mantreco O\u00dc\" \/>\n<meta property=\"og:description\" content=\"We have built large warehouses and production buildings as well as agricultural buildings and know the specifics of the area very well. \u27a4 See more!\" \/>\n<meta property=\"og:url\" content=\"https:\/\/www.montreco.ee\/en\/services\/industrial-and-agricultural-buildings\/\" \/>\n<meta property=\"og:site_name\" content=\"Mantreco O\u00dc\" \/>\n<meta property=\"article:modified_time\" content=\"2020-12-14T13:56:00+00:00\" \/>\n<meta name=\"twitter:card\" content=\"summary_large_image\" \/>\n<meta name=\"twitter:label1\" content=\"Est. reading time\" \/>\n\t<meta name=\"twitter:data1\" content=\"4 minutes\" \/>\n<script type=\"application\/ld+json\" class=\"yoast-schema-graph\">{\"@context\":\"https:\/\/schema.org\",\"@graph\":[{\"@type\":\"WebPage\",\"@id\":\"https:\/\/www.montreco.ee\/en\/services\/industrial-and-agricultural-buildings\/\",\"url\":\"https:\/\/www.montreco.ee\/en\/services\/industrial-and-agricultural-buildings\/\",\"name\":\"Industrial and agricultural buildings | Mantreco O\u00dc\",\"isPartOf\":{\"@id\":\"https:\/\/www.montreco.ee\/en\/#website\"},\"datePublished\":\"2019-10-17T04:23:51+00:00\",\"dateModified\":\"2020-12-14T13:56:00+00:00\",\"description\":\"We have built large warehouses and production buildings as well as agricultural buildings and know the specifics of the area very well. \u27a4 See more!\",\"breadcrumb\":{\"@id\":\"https:\/\/www.montreco.ee\/en\/services\/industrial-and-agricultural-buildings\/#breadcrumb\"},\"inLanguage\":\"en-US\",\"potentialAction\":[{\"@type\":\"ReadAction\",\"target\":[\"https:\/\/www.montreco.ee\/en\/services\/industrial-and-agricultural-buildings\/\"]}]},{\"@type\":\"BreadcrumbList\",\"@id\":\"https:\/\/www.montreco.ee\/en\/services\/industrial-and-agricultural-buildings\/#breadcrumb\",\"itemListElement\":[{\"@type\":\"ListItem\",\"position\":1,\"name\":\"Home\",\"item\":\"https:\/\/www.montreco.ee\/en\/\"},{\"@type\":\"ListItem\",\"position\":2,\"name\":\"Services\",\"item\":\"https:\/\/www.montreco.ee\/en\/services\/\"},{\"@type\":\"ListItem\",\"position\":3,\"name\":\"Industrial and agricultural buildings\"}]},{\"@type\":\"WebSite\",\"@id\":\"https:\/\/www.montreco.ee\/en\/#website\",\"url\":\"https:\/\/www.montreco.ee\/en\/\",\"name\":\"Mantreco O\u00dc\",\"description\":\"Peat\u00f6\u00f6v\u00f5tt ja projektijuhtimine\",\"publisher\":{\"@id\":\"https:\/\/www.montreco.ee\/en\/#organization\"},\"potentialAction\":[{\"@type\":\"SearchAction\",\"target\":{\"@type\":\"EntryPoint\",\"urlTemplate\":\"https:\/\/www.montreco.ee\/en\/?s={search_term_string}\"},\"query-input\":{\"@type\":\"PropertyValueSpecification\",\"valueRequired\":true,\"valueName\":\"search_term_string\"}}],\"inLanguage\":\"en-US\"},{\"@type\":\"Organization\",\"@id\":\"https:\/\/www.montreco.ee\/en\/#organization\",\"name\":\"Montreco O\u00dc\",\"url\":\"https:\/\/www.montreco.ee\/en\/\",\"logo\":{\"@type\":\"ImageObject\",\"inLanguage\":\"en-US\",\"@id\":\"https:\/\/www.montreco.ee\/en\/#\/schema\/logo\/image\/\",\"url\":\"https:\/\/www.montreco.ee\/wp-content\/uploads\/2020\/01\/Montreco_logo.svg\",\"contentUrl\":\"https:\/\/www.montreco.ee\/wp-content\/uploads\/2020\/01\/Montreco_logo.svg\",\"width\":3180,\"height\":890,\"caption\":\"Montreco O\u00dc\"},\"image\":{\"@id\":\"https:\/\/www.montreco.ee\/en\/#\/schema\/logo\/image\/\"}}]}<\/script>\n<!-- \/ Yoast SEO plugin. -->","yoast_head_json":{"title":"Industrial and agricultural buildings | Mantreco O\u00dc","description":"We have built large warehouses and production buildings as well as agricultural buildings and know the specifics of the area very well. \u27a4 See more!","robots":{"index":"index","follow":"follow","max-snippet":"max-snippet:-1","max-image-preview":"max-image-preview:large","max-video-preview":"max-video-preview:-1"},"canonical":"https:\/\/www.montreco.ee\/en\/services\/industrial-and-agricultural-buildings\/","og_locale":"en_US","og_type":"article","og_title":"Industrial and agricultural buildings | Mantreco O\u00dc","og_description":"We have built large warehouses and production buildings as well as agricultural buildings and know the specifics of the area very well. \u27a4 See more!","og_url":"https:\/\/www.montreco.ee\/en\/services\/industrial-and-agricultural-buildings\/","og_site_name":"Mantreco O\u00dc","article_modified_time":"2020-12-14T13:56:00+00:00","twitter_card":"summary_large_image","twitter_misc":{"Est. reading time":"4 minutes"},"schema":{"@context":"https:\/\/schema.org","@graph":[{"@type":"WebPage","@id":"https:\/\/www.montreco.ee\/en\/services\/industrial-and-agricultural-buildings\/","url":"https:\/\/www.montreco.ee\/en\/services\/industrial-and-agricultural-buildings\/","name":"Industrial and agricultural buildings | Mantreco O\u00dc","isPartOf":{"@id":"https:\/\/www.montreco.ee\/en\/#website"},"datePublished":"2019-10-17T04:23:51+00:00","dateModified":"2020-12-14T13:56:00+00:00","description":"We have built large warehouses and production buildings as well as agricultural buildings and know the specifics of the area very well. \u27a4 See more!","breadcrumb":{"@id":"https:\/\/www.montreco.ee\/en\/services\/industrial-and-agricultural-buildings\/#breadcrumb"},"inLanguage":"en-US","potentialAction":[{"@type":"ReadAction","target":["https:\/\/www.montreco.ee\/en\/services\/industrial-and-agricultural-buildings\/"]}]},{"@type":"BreadcrumbList","@id":"https:\/\/www.montreco.ee\/en\/services\/industrial-and-agricultural-buildings\/#breadcrumb","itemListElement":[{"@type":"ListItem","position":1,"name":"Home","item":"https:\/\/www.montreco.ee\/en\/"},{"@type":"ListItem","position":2,"name":"Services","item":"https:\/\/www.montreco.ee\/en\/services\/"},{"@type":"ListItem","position":3,"name":"Industrial and agricultural buildings"}]},{"@type":"WebSite","@id":"https:\/\/www.montreco.ee\/en\/#website","url":"https:\/\/www.montreco.ee\/en\/","name":"Mantreco O\u00dc","description":"Peat\u00f6\u00f6v\u00f5tt ja projektijuhtimine","publisher":{"@id":"https:\/\/www.montreco.ee\/en\/#organization"},"potentialAction":[{"@type":"SearchAction","target":{"@type":"EntryPoint","urlTemplate":"https:\/\/www.montreco.ee\/en\/?s={search_term_string}"},"query-input":{"@type":"PropertyValueSpecification","valueRequired":true,"valueName":"search_term_string"}}],"inLanguage":"en-US"},{"@type":"Organization","@id":"https:\/\/www.montreco.ee\/en\/#organization","name":"Montreco O\u00dc","url":"https:\/\/www.montreco.ee\/en\/","logo":{"@type":"ImageObject","inLanguage":"en-US","@id":"https:\/\/www.montreco.ee\/en\/#\/schema\/logo\/image\/","url":"https:\/\/www.montreco.ee\/wp-content\/uploads\/2020\/01\/Montreco_logo.svg","contentUrl":"https:\/\/www.montreco.ee\/wp-content\/uploads\/2020\/01\/Montreco_logo.svg","width":3180,"height":890,"caption":"Montreco O\u00dc"},"image":{"@id":"https:\/\/www.montreco.ee\/en\/#\/schema\/logo\/image\/"}}]}},"_links":{"self":[{"href":"https:\/\/www.montreco.ee\/en\/wp-json\/wp\/v2\/pages\/3318","targetHints":{"allow":["GET"]}}],"collection":[{"href":"https:\/\/www.montreco.ee\/en\/wp-json\/wp\/v2\/pages"}],"about":[{"href":"https:\/\/www.montreco.ee\/en\/wp-json\/wp\/v2\/types\/page"}],"author":[{"embeddable":true,"href":"https:\/\/www.montreco.ee\/en\/wp-json\/wp\/v2\/users\/5"}],"replies":[{"embeddable":true,"href":"https:\/\/www.montreco.ee\/en\/wp-json\/wp\/v2\/comments?post=3318"}],"version-history":[{"count":3,"href":"https:\/\/www.montreco.ee\/en\/wp-json\/wp\/v2\/pages\/3318\/revisions"}],"predecessor-version":[{"id":5877,"href":"https:\/\/www.montreco.ee\/en\/wp-json\/wp\/v2\/pages\/3318\/revisions\/5877"}],"up":[{"embeddable":true,"href":"https:\/\/www.montreco.ee\/en\/wp-json\/wp\/v2\/pages\/3301"}],"wp:attachment":[{"href":"https:\/\/www.montreco.ee\/en\/wp-json\/wp\/v2\/media?parent=3318"}],"curies":[{"name":"wp","href":"https:\/\/api.w.org\/{rel}","templated":true}]}}