{"id":4199,"date":"2019-10-17T07:23:32","date_gmt":"2019-10-17T04:23:32","guid":{"rendered":"https:\/\/www.montreco.ee\/uslugi\/zhilye-doma-i-obshhestvennye-zdaniya\/"},"modified":"2020-12-14T15:52:18","modified_gmt":"2020-12-14T13:52:18","slug":"zhilye-doma-i-obshhestvennye-zdaniya","status":"publish","type":"page","link":"https:\/\/www.montreco.ee\/ru\/uslugi\/zhilye-doma-i-obshhestvennye-zdaniya\/","title":{"rendered":"\u0416\u0438\u043b\u044b\u0435 \u0434\u043e\u043c\u0430 \u0438 \u043e\u0431\u0449\u0435\u0441\u0442\u0432\u0435\u043d\u043d\u044b\u0435 \u0437\u0434\u0430\u043d\u0438\u044f"},"content":{"rendered":"\n<style type=\"text\/css\" data-created_by=\"avia_inline_auto\" id=\"style-css-av-jxmy3rv7-fb61b50094ce8a37c1a00b6063663918\">\n.avia-section.av-jxmy3rv7-fb61b50094ce8a37c1a00b6063663918{\nbackground-color:#f2f2f2;\nbackground-image:unset;\n}\n<\/style>\n<div id='av_section_1'  class='avia-section av-jxmy3rv7-fb61b50094ce8a37c1a00b6063663918 main_color avia-section-default avia-no-border-styling  avia-builder-el-0  el_before_av_postcontent  avia-builder-el-first  full-width p-top--huge avia-bg-style-scroll container_wrap fullsize'  ><div class='container av-section-cont-open' ><main  role=\"main\" itemprop=\"mainContentOfPage\"  class='template-page content  av-content-full alpha units'><div class='post-entry post-entry-type-page post-entry-4199'><div class='entry-content-wrapper clearfix'>\n\n<style type=\"text\/css\" data-created_by=\"avia_inline_auto\" id=\"style-css-av-2wa93-86ce8ddf2ada1b8079a0725fc0d802ce\">\n.flex_column.av-2wa93-86ce8ddf2ada1b8079a0725fc0d802ce{\nborder-radius:0px 0px 0px 0px;\npadding:0px 0px 0px 0%;\n}\n<\/style>\n<div  class='flex_column av-2wa93-86ce8ddf2ada1b8079a0725fc0d802ce av_one_half  avia-builder-el-1  el_before_av_one_half  avia-builder-el-first  first av-break-at-tablet flex_column_div  '     ><p>\n<style type=\"text\/css\" data-created_by=\"avia_inline_auto\" id=\"style-css-av-k60r3vxh-af9531ce8fa2df76604be08f5e7cbd6f\">\n#top .av-special-heading.av-k60r3vxh-af9531ce8fa2df76604be08f5e7cbd6f{\nmargin:0 0 0 0;\npadding-bottom:10px;\n}\nbody .av-special-heading.av-k60r3vxh-af9531ce8fa2df76604be08f5e7cbd6f .av-special-heading-tag .heading-char{\nfont-size:25px;\n}\n.av-special-heading.av-k60r3vxh-af9531ce8fa2df76604be08f5e7cbd6f .av-subheading{\nfont-size:15px;\n}\n<\/style>\n<div  class='av-special-heading av-k60r3vxh-af9531ce8fa2df76604be08f5e7cbd6f av-special-heading-h1 blockquote modern-quote  avia-builder-el-2  el_before_av_hr  avia-builder-el-first '><h1 class='av-special-heading-tag '  itemprop=\"headline\"  >\u0416\u0438\u043b\u044b\u0435 \u0434\u043e\u043c\u0430 \u0438 \u043e\u0431\u0449\u0435\u0441\u0442\u0432\u0435\u043d\u043d\u044b\u0435 \u0437\u0434\u0430\u043d\u0438\u044f<\/h1><div class=\"special-heading-border\"><div class=\"special-heading-inner-border\"><\/div><\/div><\/div><br \/>\n\n<style type=\"text\/css\" data-created_by=\"avia_inline_auto\" id=\"style-css-av-jxmy9418-28ea9e84abd2dee2eeae56195c999302\">\n#top .hr.av-jxmy9418-28ea9e84abd2dee2eeae56195c999302{\nmargin-top:0px;\nmargin-bottom:10px;\n}\n.hr.av-jxmy9418-28ea9e84abd2dee2eeae56195c999302 .hr-inner{\nwidth:100%;\nborder-color:#166344;\n}\n<\/style>\n<div  class='hr av-jxmy9418-28ea9e84abd2dee2eeae56195c999302 hr-custom  avia-builder-el-3  el_after_av_heading  el_before_av_textblock  hr-left hr-icon-no'><span class='hr-inner inner-border-av-border-fat'><span class=\"hr-inner-style\"><\/span><\/span><\/div><br \/>\n<section  class='av_textblock_section av-jxmy5k5u-4e25541c216d875cd0bb277a78d9cc62 '   itemscope=\"itemscope\" itemtype=\"https:\/\/schema.org\/CreativeWork\" ><div class='avia_textblock'  itemprop=\"text\" ><p>\u041f\u0443\u0441\u0442\u044c \u044d\u0442\u043e \u0431\u0443\u0434\u0435\u0442 \u043c\u043d\u043e\u0433\u043e\u043a\u0432\u0430\u0440\u0442\u0438\u0440\u043d\u044b\u0439 \u0434\u043e\u043c, \u043a\u043e\u0442\u0442\u0435\u0434\u0436 \u0438\u043b\u0438 \u0437\u0434\u0430\u043d\u0438\u0435 \u0448\u043a\u043e\u043b\u044b. \u041c\u044b \u0438\u043c\u0435\u0435\u043c \u043e\u043f\u044b\u0442 \u0440\u0430\u0431\u043e\u0442\u044b \u0441\u043e \u0432\u0441\u0435\u043c \u043f\u043e\u0434\u043e\u0431\u043d\u044b\u043c\u0438 \u043e\u0431\u044a\u0435\u043a\u0442\u0430\u043c\u0438\u00a0\u2014 \u0441\u0442\u0440\u043e\u0438\u0442\u0435\u043b\u044c\u043d\u0430\u044f \u0441\u043f\u0435\u0446\u0438\u0444\u0438\u043a\u0430 \u043d\u0430\u043c \u044f\u0441\u043d\u0430. \u041d\u0430\u043c \u043d\u0440\u0430\u0432\u044f\u0442\u0441\u044f \u043a\u0440\u0443\u043f\u043d\u044b\u0435 \u0438 \u0441\u043b\u043e\u0436\u043d\u044b\u0435 \u043e\u0431\u044a\u0435\u043a\u0442\u044b, \u043d\u043e \u043c\u044b \u0442\u0430\u043a\u0436\u0435 \u0438\u043d\u0442\u0435\u0440\u0435\u0441\u0443\u0435\u043c\u0441\u044f \u0441\u0442\u0440\u043e\u0438\u0442\u0435\u043b\u044c\u0441\u0442\u0432\u043e\u043c \u043d\u0435\u0431\u043e\u043b\u044c\u0448\u0438\u0445 \u0434\u043e\u043c\u043e\u0432. \u041c\u044b \u0432 \u043e\u0441\u043d\u043e\u0432\u043d\u043e\u043c \u0434\u0435\u0439\u0441\u0442\u0432\u0443\u0435\u043c \u0432 \u043a\u0430\u0447\u0435\u0441\u0442\u0432\u0435 \u0433\u0435\u043d\u0435\u0440\u0430\u043b\u044c\u043d\u043e\u0433\u043e \u043f\u043e\u0434\u0440\u044f\u0434\u0447\u0438\u043a\u0430 \u0438 \u043e\u0442\u0432\u0435\u0447\u0430\u0435\u043c \u0437\u0430 \u043a\u0430\u0447\u0435\u0441\u0442\u0432\u043e \u043f\u0440\u043e\u0435\u043a\u0442\u0430 \u043e\u0442 \u043f\u0435\u0440\u0432\u043e\u043d\u0430\u0447\u0430\u043b\u044c\u043d\u044b\u0445 \u043f\u043b\u0430\u043d\u043e\u0432 \u0434\u043e \u043e\u043a\u043e\u043d\u0447\u0430\u043d\u0438\u044f \u0441\u0442\u0440\u043e\u0438\u0442\u0435\u043b\u044c\u0441\u0442\u0432\u0430.<\/p>\n<p>\u0421 \u043d\u0430\u0448\u0438\u043c\u0438 \u0437\u0430\u0432\u0435\u0440\u0448\u0435\u043d\u043d\u044b\u043c\u0438 \u043f\u0440\u043e\u0435\u043a\u0442\u0430\u043c\u0438 \u043c\u043e\u0436\u043d\u043e \u043e\u0437\u043d\u0430\u043a\u043e\u043c\u0438\u0442\u044c\u0441\u044f \u043d\u0438\u0436\u0435<\/p>\n<\/div><\/section><br \/>\n\n<style type=\"text\/css\" data-created_by=\"avia_inline_auto\" id=\"style-css-av-jxmy9418-2b5b363ffca7713c74baca895d33be5d\">\n#top .hr.hr-invisible.av-jxmy9418-2b5b363ffca7713c74baca895d33be5d{\nheight:50px;\n}\n<\/style>\n<div  class='hr av-jxmy9418-2b5b363ffca7713c74baca895d33be5d hr-invisible  avia-builder-el-5  el_after_av_textblock  avia-builder-el-last  phone-whitespace'><span class='hr-inner '><span class=\"hr-inner-style\"><\/span><\/span><\/div><\/p><\/div>\n<style type=\"text\/css\" data-created_by=\"avia_inline_auto\" id=\"style-css-av-1uij3-5f5a465aa8a945fd572808e24b6409a2\">\n.flex_column.av-1uij3-5f5a465aa8a945fd572808e24b6409a2{\nborder-radius:0px 0px 0px 0px;\npadding:0px 0px 0px 0px;\n}\n<\/style>\n<div  class='flex_column av-1uij3-5f5a465aa8a945fd572808e24b6409a2 av_one_half  avia-builder-el-6  el_after_av_one_half  avia-builder-el-last  av-break-at-tablet flex_column_div av-zero-column-padding avia-full-stretch  '     ><style type=\"text\/css\" data-created_by=\"avia_inline_auto\" id=\"style-css-av-k1j9lz8k-33687df86c08cfbb118bae1039812087\">\n.avia-image-container.av-k1j9lz8k-33687df86c08cfbb118bae1039812087 img.avia_image{\nbox-shadow:none;\n}\n.avia-image-container.av-k1j9lz8k-33687df86c08cfbb118bae1039812087 .av-image-caption-overlay-center{\ncolor:#ffffff;\n}\n<\/style>\n<div  class='avia-image-container av-k1j9lz8k-33687df86c08cfbb118bae1039812087 av-styling-no-styling avia-align-center  avia-builder-el-7  avia-builder-el-no-sibling  clip-style4'   itemprop=\"image\" itemscope=\"itemscope\" itemtype=\"https:\/\/schema.org\/ImageObject\" ><div class=\"avia-image-container-inner\"><div class=\"avia-image-overlay-wrap\"><img decoding=\"async\" fetchpriority=\"high\" class='wp-image- avia-img-lazy-loading-not- avia_image ' src=\"https:\/\/www.montreco.ee\/wp-content\/uploads\/2019\/10\/Tallinna-Tehnikak\u00f5rgkool_14.jpg\" alt='' title=''   itemprop=\"thumbnailUrl\"  \/><\/div><\/div><\/div><\/div>\n\n[av_section min_height='' min_height_px='500px' padding='default' shadow='no-border-styling' bottom_border='no-border-styling' bottom_border_diagonal_color='#333333' bottom_border_diagonal_direction='' bottom_border_style='' custom_margin='0px' custom_margin_sync='true' custom_arrow_bg='' id='' color='main_color' background='bg_color' custom_bg='#f2f2f2' background_gradient_color1='' background_gradient_color2='' background_gradient_direction='vertical' src='' attachment='' attachment_size='' attach='scroll' position='top left' repeat='no-repeat' video='' video_ratio='16:9' overlay_opacity='0.5' overlay_color='' overlay_pattern='' overlay_custom_pattern='' av_element_hidden_in_editor='0' av_uid='av-4vshb' custom_class='full-width w-92']\n[av_tab_container position='top_tab' boxed='border_tabs' initial='1' av_uid='av-k1jbjjwt' custom_class='']\n[av_tab title='\u041e\u0444\u0438\u0441\u043d\u044b\u0435 \u0438 \u0442\u043e\u0440\u0433\u043e\u0432\u044b\u0435 \u043a\u043e\u043c\u043f\u043b\u0435\u043a\u0441\u044b' icon_select='no' icon='ue800' font='entypo-fontello' av_uid='av-w973']\n<p>[ess_grid alias=\"B\u00fcroo- ja kaubanduspinnad RU\"]<\/p>\n[\/av_tab]\n[av_tab title='\u0416\u0438\u043b\u044b\u0435 \u0434\u043e\u043c\u0430 \u0438 \u043e\u0431\u0449\u0435\u0441\u0442\u0432\u0435\u043d\u043d\u044b\u0435 \u0437\u0434\u0430\u043d\u0438\u044f' icon_select='no' icon='ue800' font='entypo-fontello' av_uid='av-z6zf']\n<p>[ess_grid alias=\"Elamud ja avalikud hooned RU\"]<\/p>\n[\/av_tab]\n[av_tab title='\u0418\u043d\u0436\u0435\u043d\u0435\u0440\u043d\u044b\u0435 \u0441\u0442\u0440\u043e\u0435\u043d\u0438\u044f \u0438 \u0441\u043e\u043e\u0440\u0443\u0436\u0435\u043d\u0438\u044f' icon_select='no' icon='ue800' font='entypo-fontello' av_uid='av-g7kuv']\n<p>[ess_grid alias=\"Insenerehitised ja-rajatised RU\"]<\/p>\n[\/av_tab]\n[av_tab title='\u041f\u0440\u043e\u043c\u044b\u0448\u043b\u0435\u043d\u043d\u044b\u0435 \u0438 \u0441\u0435\u043b\u044c\u0441\u043a\u043e\u0445\u043e\u0437\u044f\u0439\u0441\u0442\u0432\u0435\u043d\u043d\u044b\u0435 \u0437\u0434\u0430\u043d\u0438\u044f' icon_select='no' icon='ue800' font='entypo-fontello' av_uid='av-80b87']\n<p>[ess_grid alias=\"T\u00f6\u00f6stus- ja p\u00f5llumajandushooned RU\"]<\/p>\n[\/av_tab]\n[\/av_tab_container]\n[\/av_section]\n\n\n","protected":false},"excerpt":{"rendered":"","protected":false},"author":5,"featured_media":0,"parent":4190,"menu_order":38,"comment_status":"closed","ping_status":"closed","template":"","meta":{"_acf_changed":false,"footnotes":""},"class_list":["post-4199","page","type-page","status-publish","hentry"],"acf":[],"yoast_head":"<!-- This site is optimized with the Yoast SEO plugin v27.2 - https:\/\/yoast.com\/product\/yoast-seo-wordpress\/ -->\n<title>\u0416\u0438\u043b\u044b\u0435 \u0434\u043e\u043c\u0430 \u0438 \u043e\u0431\u0449\u0435\u0441\u0442\u0432\u0435\u043d\u043d\u044b\u0435 \u0437\u0434\u0430\u043d\u0438\u044f | \u0421\u0442\u0440\u043e\u0438\u0442\u0435\u043b\u044c\u043d\u044b\u0435 \u0433\u0435\u043d\u0435\u0440\u0430\u043b\u044c\u043d\u044b\u0435 \u043f\u043e\u0434\u0440\u044f\u0434\u044b | Montreco<\/title>\n<meta name=\"description\" content=\"\u041c\u044b \u0432 \u043e\u0441\u043d\u043e\u0432\u043d\u043e\u043c \u0434\u0435\u0439\u0441\u0442\u0432\u0443\u0435\u043c \u0432 \u043a\u0430\u0447\u0435\u0441\u0442\u0432\u0435 \u0433\u0435\u043d\u0435\u0440\u0430\u043b\u044c\u043d\u043e\u0433\u043e \u043f\u043e\u0434\u0440\u044f\u0434\u0447\u0438\u043a\u0430 \u0438 \u043e\u0442\u0432\u0435\u0447\u0430\u0435\u043c \u0437\u0430 \u043a\u0430\u0447\u0435\u0441\u0442\u0432\u043e \u043f\u0440\u043e\u0435\u043a\u0442\u0430 \u043e\u0442 \u043f\u0435\u0440\u0432\u043e\u043d\u0430\u0447\u0430\u043b\u044c\u043d\u044b\u0445 \u043f\u043b\u0430\u043d\u043e\u0432 \u0434\u043e \u043e\u043a\u043e\u043d\u0447\u0430\u043d\u0438\u044f \u0441\u0442\u0440\u043e\u0438\u0442\u0435\u043b\u044c\u0441\u0442\u0432\u0430. \u27a4 \u041f\u043e\u0434\u0440\u043e\u0431\u043d\u043e\u0441\u0442\u0438!\" \/>\n<meta name=\"robots\" content=\"index, follow, max-snippet:-1, max-image-preview:large, max-video-preview:-1\" \/>\n<link rel=\"canonical\" href=\"https:\/\/www.montreco.ee\/ru\/uslugi\/zhilye-doma-i-obshhestvennye-zdaniya\/\" \/>\n<meta property=\"og:locale\" content=\"ru_RU\" \/>\n<meta property=\"og:type\" content=\"article\" \/>\n<meta property=\"og:title\" content=\"\u0416\u0438\u043b\u044b\u0435 \u0434\u043e\u043c\u0430 \u0438 \u043e\u0431\u0449\u0435\u0441\u0442\u0432\u0435\u043d\u043d\u044b\u0435 \u0437\u0434\u0430\u043d\u0438\u044f | \u0421\u0442\u0440\u043e\u0438\u0442\u0435\u043b\u044c\u043d\u044b\u0435 \u0433\u0435\u043d\u0435\u0440\u0430\u043b\u044c\u043d\u044b\u0435 \u043f\u043e\u0434\u0440\u044f\u0434\u044b | Montreco\" \/>\n<meta property=\"og:description\" content=\"\u041c\u044b \u0432 \u043e\u0441\u043d\u043e\u0432\u043d\u043e\u043c \u0434\u0435\u0439\u0441\u0442\u0432\u0443\u0435\u043c \u0432 \u043a\u0430\u0447\u0435\u0441\u0442\u0432\u0435 \u0433\u0435\u043d\u0435\u0440\u0430\u043b\u044c\u043d\u043e\u0433\u043e \u043f\u043e\u0434\u0440\u044f\u0434\u0447\u0438\u043a\u0430 \u0438 \u043e\u0442\u0432\u0435\u0447\u0430\u0435\u043c \u0437\u0430 \u043a\u0430\u0447\u0435\u0441\u0442\u0432\u043e \u043f\u0440\u043e\u0435\u043a\u0442\u0430 \u043e\u0442 \u043f\u0435\u0440\u0432\u043e\u043d\u0430\u0447\u0430\u043b\u044c\u043d\u044b\u0445 \u043f\u043b\u0430\u043d\u043e\u0432 \u0434\u043e \u043e\u043a\u043e\u043d\u0447\u0430\u043d\u0438\u044f \u0441\u0442\u0440\u043e\u0438\u0442\u0435\u043b\u044c\u0441\u0442\u0432\u0430. \u27a4 \u041f\u043e\u0434\u0440\u043e\u0431\u043d\u043e\u0441\u0442\u0438!\" \/>\n<meta property=\"og:url\" content=\"https:\/\/www.montreco.ee\/ru\/uslugi\/zhilye-doma-i-obshhestvennye-zdaniya\/\" \/>\n<meta property=\"og:site_name\" content=\"Mantreco O\u00dc\" \/>\n<meta property=\"article:modified_time\" content=\"2020-12-14T13:52:18+00:00\" \/>\n<meta name=\"twitter:card\" content=\"summary_large_image\" \/>\n<meta name=\"twitter:label1\" content=\"\u041f\u0440\u0438\u043c\u0435\u0440\u043d\u043e\u0435 \u0432\u0440\u0435\u043c\u044f \u0434\u043b\u044f \u0447\u0442\u0435\u043d\u0438\u044f\" \/>\n\t<meta name=\"twitter:data1\" content=\"3 \u043c\u0438\u043d\u0443\u0442\u044b\" \/>\n<script type=\"application\/ld+json\" class=\"yoast-schema-graph\">{\"@context\":\"https:\/\/schema.org\",\"@graph\":[{\"@type\":\"WebPage\",\"@id\":\"https:\/\/www.montreco.ee\/ru\/uslugi\/zhilye-doma-i-obshhestvennye-zdaniya\/\",\"url\":\"https:\/\/www.montreco.ee\/ru\/uslugi\/zhilye-doma-i-obshhestvennye-zdaniya\/\",\"name\":\"\u0416\u0438\u043b\u044b\u0435 \u0434\u043e\u043c\u0430 \u0438 \u043e\u0431\u0449\u0435\u0441\u0442\u0432\u0435\u043d\u043d\u044b\u0435 \u0437\u0434\u0430\u043d\u0438\u044f | \u0421\u0442\u0440\u043e\u0438\u0442\u0435\u043b\u044c\u043d\u044b\u0435 \u0433\u0435\u043d\u0435\u0440\u0430\u043b\u044c\u043d\u044b\u0435 \u043f\u043e\u0434\u0440\u044f\u0434\u044b | Montreco\",\"isPartOf\":{\"@id\":\"https:\/\/www.montreco.ee\/ru\/#website\"},\"datePublished\":\"2019-10-17T04:23:32+00:00\",\"dateModified\":\"2020-12-14T13:52:18+00:00\",\"description\":\"\u041c\u044b \u0432 \u043e\u0441\u043d\u043e\u0432\u043d\u043e\u043c \u0434\u0435\u0439\u0441\u0442\u0432\u0443\u0435\u043c \u0432 \u043a\u0430\u0447\u0435\u0441\u0442\u0432\u0435 \u0433\u0435\u043d\u0435\u0440\u0430\u043b\u044c\u043d\u043e\u0433\u043e \u043f\u043e\u0434\u0440\u044f\u0434\u0447\u0438\u043a\u0430 \u0438 \u043e\u0442\u0432\u0435\u0447\u0430\u0435\u043c \u0437\u0430 \u043a\u0430\u0447\u0435\u0441\u0442\u0432\u043e \u043f\u0440\u043e\u0435\u043a\u0442\u0430 \u043e\u0442 \u043f\u0435\u0440\u0432\u043e\u043d\u0430\u0447\u0430\u043b\u044c\u043d\u044b\u0445 \u043f\u043b\u0430\u043d\u043e\u0432 \u0434\u043e \u043e\u043a\u043e\u043d\u0447\u0430\u043d\u0438\u044f \u0441\u0442\u0440\u043e\u0438\u0442\u0435\u043b\u044c\u0441\u0442\u0432\u0430. \u27a4 \u041f\u043e\u0434\u0440\u043e\u0431\u043d\u043e\u0441\u0442\u0438!\",\"breadcrumb\":{\"@id\":\"https:\/\/www.montreco.ee\/ru\/uslugi\/zhilye-doma-i-obshhestvennye-zdaniya\/#breadcrumb\"},\"inLanguage\":\"ru-RU\",\"potentialAction\":[{\"@type\":\"ReadAction\",\"target\":[\"https:\/\/www.montreco.ee\/ru\/uslugi\/zhilye-doma-i-obshhestvennye-zdaniya\/\"]}]},{\"@type\":\"BreadcrumbList\",\"@id\":\"https:\/\/www.montreco.ee\/ru\/uslugi\/zhilye-doma-i-obshhestvennye-zdaniya\/#breadcrumb\",\"itemListElement\":[{\"@type\":\"ListItem\",\"position\":1,\"name\":\"Home\",\"item\":\"https:\/\/www.montreco.ee\/ru\/\"},{\"@type\":\"ListItem\",\"position\":2,\"name\":\"\u0423\u0441\u043b\u0443\u0433\u0438\",\"item\":\"https:\/\/www.montreco.ee\/ru\/uslugi\/\"},{\"@type\":\"ListItem\",\"position\":3,\"name\":\"\u0416\u0438\u043b\u044b\u0435 \u0434\u043e\u043c\u0430 \u0438 \u043e\u0431\u0449\u0435\u0441\u0442\u0432\u0435\u043d\u043d\u044b\u0435 \u0437\u0434\u0430\u043d\u0438\u044f\"}]},{\"@type\":\"WebSite\",\"@id\":\"https:\/\/www.montreco.ee\/ru\/#website\",\"url\":\"https:\/\/www.montreco.ee\/ru\/\",\"name\":\"Mantreco O\u00dc\",\"description\":\"Peat\u00f6\u00f6v\u00f5tt ja projektijuhtimine\",\"publisher\":{\"@id\":\"https:\/\/www.montreco.ee\/ru\/#organization\"},\"potentialAction\":[{\"@type\":\"SearchAction\",\"target\":{\"@type\":\"EntryPoint\",\"urlTemplate\":\"https:\/\/www.montreco.ee\/ru\/?s={search_term_string}\"},\"query-input\":{\"@type\":\"PropertyValueSpecification\",\"valueRequired\":true,\"valueName\":\"search_term_string\"}}],\"inLanguage\":\"ru-RU\"},{\"@type\":\"Organization\",\"@id\":\"https:\/\/www.montreco.ee\/ru\/#organization\",\"name\":\"Montreco O\u00dc\",\"url\":\"https:\/\/www.montreco.ee\/ru\/\",\"logo\":{\"@type\":\"ImageObject\",\"inLanguage\":\"ru-RU\",\"@id\":\"https:\/\/www.montreco.ee\/ru\/#\/schema\/logo\/image\/\",\"url\":\"https:\/\/www.montreco.ee\/wp-content\/uploads\/2020\/01\/Montreco_logo.svg\",\"contentUrl\":\"https:\/\/www.montreco.ee\/wp-content\/uploads\/2020\/01\/Montreco_logo.svg\",\"width\":3180,\"height\":890,\"caption\":\"Montreco O\u00dc\"},\"image\":{\"@id\":\"https:\/\/www.montreco.ee\/ru\/#\/schema\/logo\/image\/\"}}]}<\/script>\n<!-- \/ Yoast SEO plugin. -->","yoast_head_json":{"title":"\u0416\u0438\u043b\u044b\u0435 \u0434\u043e\u043c\u0430 \u0438 \u043e\u0431\u0449\u0435\u0441\u0442\u0432\u0435\u043d\u043d\u044b\u0435 \u0437\u0434\u0430\u043d\u0438\u044f | \u0421\u0442\u0440\u043e\u0438\u0442\u0435\u043b\u044c\u043d\u044b\u0435 \u0433\u0435\u043d\u0435\u0440\u0430\u043b\u044c\u043d\u044b\u0435 \u043f\u043e\u0434\u0440\u044f\u0434\u044b | Montreco","description":"\u041c\u044b \u0432 \u043e\u0441\u043d\u043e\u0432\u043d\u043e\u043c \u0434\u0435\u0439\u0441\u0442\u0432\u0443\u0435\u043c \u0432 \u043a\u0430\u0447\u0435\u0441\u0442\u0432\u0435 \u0433\u0435\u043d\u0435\u0440\u0430\u043b\u044c\u043d\u043e\u0433\u043e \u043f\u043e\u0434\u0440\u044f\u0434\u0447\u0438\u043a\u0430 \u0438 \u043e\u0442\u0432\u0435\u0447\u0430\u0435\u043c \u0437\u0430 \u043a\u0430\u0447\u0435\u0441\u0442\u0432\u043e \u043f\u0440\u043e\u0435\u043a\u0442\u0430 \u043e\u0442 \u043f\u0435\u0440\u0432\u043e\u043d\u0430\u0447\u0430\u043b\u044c\u043d\u044b\u0445 \u043f\u043b\u0430\u043d\u043e\u0432 \u0434\u043e \u043e\u043a\u043e\u043d\u0447\u0430\u043d\u0438\u044f \u0441\u0442\u0440\u043e\u0438\u0442\u0435\u043b\u044c\u0441\u0442\u0432\u0430. \u27a4 \u041f\u043e\u0434\u0440\u043e\u0431\u043d\u043e\u0441\u0442\u0438!","robots":{"index":"index","follow":"follow","max-snippet":"max-snippet:-1","max-image-preview":"max-image-preview:large","max-video-preview":"max-video-preview:-1"},"canonical":"https:\/\/www.montreco.ee\/ru\/uslugi\/zhilye-doma-i-obshhestvennye-zdaniya\/","og_locale":"ru_RU","og_type":"article","og_title":"\u0416\u0438\u043b\u044b\u0435 \u0434\u043e\u043c\u0430 \u0438 \u043e\u0431\u0449\u0435\u0441\u0442\u0432\u0435\u043d\u043d\u044b\u0435 \u0437\u0434\u0430\u043d\u0438\u044f | \u0421\u0442\u0440\u043e\u0438\u0442\u0435\u043b\u044c\u043d\u044b\u0435 \u0433\u0435\u043d\u0435\u0440\u0430\u043b\u044c\u043d\u044b\u0435 \u043f\u043e\u0434\u0440\u044f\u0434\u044b | Montreco","og_description":"\u041c\u044b \u0432 \u043e\u0441\u043d\u043e\u0432\u043d\u043e\u043c \u0434\u0435\u0439\u0441\u0442\u0432\u0443\u0435\u043c \u0432 \u043a\u0430\u0447\u0435\u0441\u0442\u0432\u0435 \u0433\u0435\u043d\u0435\u0440\u0430\u043b\u044c\u043d\u043e\u0433\u043e \u043f\u043e\u0434\u0440\u044f\u0434\u0447\u0438\u043a\u0430 \u0438 \u043e\u0442\u0432\u0435\u0447\u0430\u0435\u043c \u0437\u0430 \u043a\u0430\u0447\u0435\u0441\u0442\u0432\u043e \u043f\u0440\u043e\u0435\u043a\u0442\u0430 \u043e\u0442 \u043f\u0435\u0440\u0432\u043e\u043d\u0430\u0447\u0430\u043b\u044c\u043d\u044b\u0445 \u043f\u043b\u0430\u043d\u043e\u0432 \u0434\u043e \u043e\u043a\u043e\u043d\u0447\u0430\u043d\u0438\u044f \u0441\u0442\u0440\u043e\u0438\u0442\u0435\u043b\u044c\u0441\u0442\u0432\u0430. \u27a4 \u041f\u043e\u0434\u0440\u043e\u0431\u043d\u043e\u0441\u0442\u0438!","og_url":"https:\/\/www.montreco.ee\/ru\/uslugi\/zhilye-doma-i-obshhestvennye-zdaniya\/","og_site_name":"Mantreco O\u00dc","article_modified_time":"2020-12-14T13:52:18+00:00","twitter_card":"summary_large_image","twitter_misc":{"\u041f\u0440\u0438\u043c\u0435\u0440\u043d\u043e\u0435 \u0432\u0440\u0435\u043c\u044f \u0434\u043b\u044f \u0447\u0442\u0435\u043d\u0438\u044f":"3 \u043c\u0438\u043d\u0443\u0442\u044b"},"schema":{"@context":"https:\/\/schema.org","@graph":[{"@type":"WebPage","@id":"https:\/\/www.montreco.ee\/ru\/uslugi\/zhilye-doma-i-obshhestvennye-zdaniya\/","url":"https:\/\/www.montreco.ee\/ru\/uslugi\/zhilye-doma-i-obshhestvennye-zdaniya\/","name":"\u0416\u0438\u043b\u044b\u0435 \u0434\u043e\u043c\u0430 \u0438 \u043e\u0431\u0449\u0435\u0441\u0442\u0432\u0435\u043d\u043d\u044b\u0435 \u0437\u0434\u0430\u043d\u0438\u044f | \u0421\u0442\u0440\u043e\u0438\u0442\u0435\u043b\u044c\u043d\u044b\u0435 \u0433\u0435\u043d\u0435\u0440\u0430\u043b\u044c\u043d\u044b\u0435 \u043f\u043e\u0434\u0440\u044f\u0434\u044b | Montreco","isPartOf":{"@id":"https:\/\/www.montreco.ee\/ru\/#website"},"datePublished":"2019-10-17T04:23:32+00:00","dateModified":"2020-12-14T13:52:18+00:00","description":"\u041c\u044b \u0432 \u043e\u0441\u043d\u043e\u0432\u043d\u043e\u043c \u0434\u0435\u0439\u0441\u0442\u0432\u0443\u0435\u043c \u0432 \u043a\u0430\u0447\u0435\u0441\u0442\u0432\u0435 \u0433\u0435\u043d\u0435\u0440\u0430\u043b\u044c\u043d\u043e\u0433\u043e \u043f\u043e\u0434\u0440\u044f\u0434\u0447\u0438\u043a\u0430 \u0438 \u043e\u0442\u0432\u0435\u0447\u0430\u0435\u043c \u0437\u0430 \u043a\u0430\u0447\u0435\u0441\u0442\u0432\u043e \u043f\u0440\u043e\u0435\u043a\u0442\u0430 \u043e\u0442 \u043f\u0435\u0440\u0432\u043e\u043d\u0430\u0447\u0430\u043b\u044c\u043d\u044b\u0445 \u043f\u043b\u0430\u043d\u043e\u0432 \u0434\u043e \u043e\u043a\u043e\u043d\u0447\u0430\u043d\u0438\u044f \u0441\u0442\u0440\u043e\u0438\u0442\u0435\u043b\u044c\u0441\u0442\u0432\u0430. \u27a4 \u041f\u043e\u0434\u0440\u043e\u0431\u043d\u043e\u0441\u0442\u0438!","breadcrumb":{"@id":"https:\/\/www.montreco.ee\/ru\/uslugi\/zhilye-doma-i-obshhestvennye-zdaniya\/#breadcrumb"},"inLanguage":"ru-RU","potentialAction":[{"@type":"ReadAction","target":["https:\/\/www.montreco.ee\/ru\/uslugi\/zhilye-doma-i-obshhestvennye-zdaniya\/"]}]},{"@type":"BreadcrumbList","@id":"https:\/\/www.montreco.ee\/ru\/uslugi\/zhilye-doma-i-obshhestvennye-zdaniya\/#breadcrumb","itemListElement":[{"@type":"ListItem","position":1,"name":"Home","item":"https:\/\/www.montreco.ee\/ru\/"},{"@type":"ListItem","position":2,"name":"\u0423\u0441\u043b\u0443\u0433\u0438","item":"https:\/\/www.montreco.ee\/ru\/uslugi\/"},{"@type":"ListItem","position":3,"name":"\u0416\u0438\u043b\u044b\u0435 \u0434\u043e\u043c\u0430 \u0438 \u043e\u0431\u0449\u0435\u0441\u0442\u0432\u0435\u043d\u043d\u044b\u0435 \u0437\u0434\u0430\u043d\u0438\u044f"}]},{"@type":"WebSite","@id":"https:\/\/www.montreco.ee\/ru\/#website","url":"https:\/\/www.montreco.ee\/ru\/","name":"Mantreco O\u00dc","description":"Peat\u00f6\u00f6v\u00f5tt ja projektijuhtimine","publisher":{"@id":"https:\/\/www.montreco.ee\/ru\/#organization"},"potentialAction":[{"@type":"SearchAction","target":{"@type":"EntryPoint","urlTemplate":"https:\/\/www.montreco.ee\/ru\/?s={search_term_string}"},"query-input":{"@type":"PropertyValueSpecification","valueRequired":true,"valueName":"search_term_string"}}],"inLanguage":"ru-RU"},{"@type":"Organization","@id":"https:\/\/www.montreco.ee\/ru\/#organization","name":"Montreco O\u00dc","url":"https:\/\/www.montreco.ee\/ru\/","logo":{"@type":"ImageObject","inLanguage":"ru-RU","@id":"https:\/\/www.montreco.ee\/ru\/#\/schema\/logo\/image\/","url":"https:\/\/www.montreco.ee\/wp-content\/uploads\/2020\/01\/Montreco_logo.svg","contentUrl":"https:\/\/www.montreco.ee\/wp-content\/uploads\/2020\/01\/Montreco_logo.svg","width":3180,"height":890,"caption":"Montreco O\u00dc"},"image":{"@id":"https:\/\/www.montreco.ee\/ru\/#\/schema\/logo\/image\/"}}]}},"_links":{"self":[{"href":"https:\/\/www.montreco.ee\/ru\/wp-json\/wp\/v2\/pages\/4199","targetHints":{"allow":["GET"]}}],"collection":[{"href":"https:\/\/www.montreco.ee\/ru\/wp-json\/wp\/v2\/pages"}],"about":[{"href":"https:\/\/www.montreco.ee\/ru\/wp-json\/wp\/v2\/types\/page"}],"author":[{"embeddable":true,"href":"https:\/\/www.montreco.ee\/ru\/wp-json\/wp\/v2\/users\/5"}],"replies":[{"embeddable":true,"href":"https:\/\/www.montreco.ee\/ru\/wp-json\/wp\/v2\/comments?post=4199"}],"version-history":[{"count":3,"href":"https:\/\/www.montreco.ee\/ru\/wp-json\/wp\/v2\/pages\/4199\/revisions"}],"predecessor-version":[{"id":5859,"href":"https:\/\/www.montreco.ee\/ru\/wp-json\/wp\/v2\/pages\/4199\/revisions\/5859"}],"up":[{"embeddable":true,"href":"https:\/\/www.montreco.ee\/ru\/wp-json\/wp\/v2\/pages\/4190"}],"wp:attachment":[{"href":"https:\/\/www.montreco.ee\/ru\/wp-json\/wp\/v2\/media?parent=4199"}],"curies":[{"name":"wp","href":"https:\/\/api.w.org\/{rel}","templated":true}]}}